{"id":95,"date":"2022-09-26T00:05:28","date_gmt":"2022-09-25T21:05:28","guid":{"rendered":"https:\/\/soundhealer.artemis-media.de\/?page_id=95"},"modified":"2025-01-28T18:57:26","modified_gmt":"2025-01-28T17:57:26","slug":"archaic-heart-ritual","status":"publish","type":"page","link":"https:\/\/soundhealer.evangeliapitsou.com\/de\/","title":{"rendered":"Griechisches Archaisches Herzritual"},"content":{"rendered":"<p>[et_pb_section fb_built=&#8221;1&#8243; fullwidth=&#8221;on&#8221; _builder_version=&#8221;4.18.0&#8243; _module_preset=&#8221;default&#8221; background_color=&#8221;RGBA(255,255,255,0)&#8221; locked=&#8221;off&#8221; global_colors_info=&#8221;{}&#8221;][et_pb_fullwidth_image src=&#8221;http:\/\/soundhealer.evangeliapitsou.com\/wp-content\/uploads\/2022\/10\/EvangeliaPitsouGazing.jpg&#8221; alt=&#8221;EvangeliaPitsouGazing&#8221; title_text=&#8221;EvangeliaPitsouGazing&#8221; _builder_version=&#8221;4.18.0&#8243; _module_preset=&#8221;default&#8221; background_color=&#8221;RGBA(255,255,255,0)&#8221; custom_margin=&#8221;||-25px||false|false&#8221; custom_padding=&#8221;||||false|false&#8221; global_colors_info=&#8221;{}&#8221;][\/et_pb_fullwidth_image][et_pb_fullwidth_post_title meta=&#8221;off&#8221; text_color=&#8221;light&#8221; _builder_version=&#8221;4.19.0&#8243; _module_preset=&#8221;default&#8221; title_font=&#8221;Abel|700||on|||||&#8221; title_text_color=&#8221;#5200ff&#8221; title_font_size=&#8221;32px&#8221; background_color=&#8221;#5200ff&#8221; background_enable_image=&#8221;off&#8221; text_orientation=&#8221;center&#8221; height=&#8221;167px&#8221; custom_margin=&#8221;||||false|false&#8221; custom_padding=&#8221;||||false|false&#8221; border_style_all=&#8221;dotted&#8221; border_color_bottom=&#8221;#000000&#8243; locked=&#8221;off&#8221; global_colors_info=&#8221;{}&#8221;][\/et_pb_fullwidth_post_title][et_pb_fullwidth_post_title meta=&#8221;off&#8221; text_color=&#8221;light&#8221; _builder_version=&#8221;4.19.0&#8243; _module_preset=&#8221;default&#8221; title_font=&#8221;Abel|700||on|||||&#8221; title_text_color=&#8221;#000000&#8243; title_font_size=&#8221;32px&#8221; background_color=&#8221;RGBA(255,255,255,0)&#8221; background_enable_image=&#8221;off&#8221; text_orientation=&#8221;center&#8221; custom_margin=&#8221;||||false|false&#8221; custom_padding=&#8221;||||false|false&#8221; border_style_all=&#8221;dotted&#8221; border_color_bottom=&#8221;#000000&#8243; locked=&#8221;off&#8221; global_colors_info=&#8221;{}&#8221;][\/et_pb_fullwidth_post_title][\/et_pb_section][et_pb_section fb_built=&#8221;1&#8243; _builder_version=&#8221;4.18.0&#8243; background_color=&#8221;RGBA(255,255,255,0)&#8221; global_colors_info=&#8221;{}&#8221;][et_pb_row column_structure=&#8221;1_4,3_4&#8243; _builder_version=&#8221;4.18.0&#8243; background_color=&#8221;RGBA(255,255,255,0)&#8221; background_size=&#8221;initial&#8221; background_position=&#8221;top_left&#8221; background_repeat=&#8221;repeat&#8221; global_colors_info=&#8221;{}&#8221;][et_pb_column type=&#8221;1_4&#8243; _builder_version=&#8221;4.18.0&#8243; background_color=&#8221;RGBA(255,255,255,0)&#8221; custom_padding=&#8221;|||&#8221; global_colors_info=&#8221;{}&#8221; custom_padding__hover=&#8221;|||&#8221;][et_pb_image src=&#8221;https:\/\/soundhealer.evangeliapitsou.com\/wp-content\/uploads\/2025\/01\/Evangelia_Pitsou_Sonne.webp&#8221; alt=&#8221;Evangelia Pitsou&#8221; title_text=&#8221;Evangelia_Pitsou_Sonne&#8221; _builder_version=&#8221;4.19.1&#8243; _module_preset=&#8221;default&#8221; custom_padding=&#8221;50px||||false|false&#8221; global_colors_info=&#8221;{}&#8221;][\/et_pb_image][\/et_pb_column][et_pb_column type=&#8221;3_4&#8243; _builder_version=&#8221;4.18.0&#8243; background_color=&#8221;RGBA(255,255,255,0)&#8221; custom_padding=&#8221;|||&#8221; global_colors_info=&#8221;{}&#8221; custom_padding__hover=&#8221;|||&#8221;][et_pb_text _builder_version=&#8221;4.19.1&#8243; background_color=&#8221;RGBA(255,255,255,0)&#8221; background_size=&#8221;initial&#8221; background_position=&#8221;top_left&#8221; background_repeat=&#8221;repeat&#8221; global_colors_info=&#8221;{}&#8221;]<\/p>\n<h3>Hallo ihr Lieben,<\/p>\n<p>Evangelia ist mein Name. Ich bin ein Liebhaberin der Wahrheit, eine Soundhealerin und Malerin, und lasse uralte Kl\u00e4nge  Deine Seele ber\u00fchren.\nEs sind Laute, die vor langer Zeit zu mir gefunden haben und mich seitdem nicht mehr losgelassen haben. <br \/>Sie klingen wie eine archaische Sprache, deren Schwingungen in die tiefen Schichten der Seele flie\u00dfen. Sie geben Dir die M\u00f6glichkeit, Deinen Herzraum weit auszudehnen und sie k\u00f6nnen Dir dabei helfen, in Resonanz mit Deinem Leben und in Einklang mit dem gro\u00dfen Ganzen zu kommen, etwas, was die Natur von alleine kann. Diese Resonanz geschieht aus eigenem Antrieb, eine Manifestation der dem Leben innewohnenden Energie selbst. Wir erhalten einfach dieses Geschenk der Heilung.<br \/>Enjoy!<\/h3>\n<h2><strong><span style=\"color: #18191b;\">\u201e<span style=\"font-family: Arial, sans-serif;\"><span style=\"font-size: medium;\">Alles in der Sch\u00f6pfung ist Schwingung und durch Schwingung ist alles miteinander verbunden\"<\/span><\/span><\/span><\/strong><\/h2>\n<p>[\/et_pb_text][\/et_pb_column][\/et_pb_row][\/et_pb_section]<\/p>","protected":false},"excerpt":{"rendered":"<p>Hello dear ones, Evangelia is my name. I am a lover of truth, a soundhealer and an artist. Ancient sounds flow from me to you.These are sounds that found their way into me many years ago and have stayed with me ever since. They sound like an archaic language whose vibrations flow into the deep [&hellip;]<\/p>","protected":false},"author":1,"featured_media":0,"parent":0,"menu_order":0,"comment_status":"closed","ping_status":"closed","template":"","meta":{"_et_pb_use_builder":"on","_et_pb_old_content":"<p>Envangelia Pitsou lets ancient sounds flow to your soul. They are sounds that found their way to her 20 years ago and have stayed with her ever since.<br \/>\"They sound like an archaic language whose vibrations flow into deep layers of the soul. They give you the opportunity to expand your heart space wide and they can help you come into resonance with your life and into harmony with the greater whole, something that nature can do on its own.<\/p><p>Evangelia makes sure to always stay connected. That is her only task, so that life itself can find expression in her with its sounds and movements. A multi-dimensional current, which is ready for all people, flows through her and she no longer acts from the mind. So it does not sing songs, but the sounds and touches arise all by themselves in every encounter. It is a language of the universal heart, which is all-encompassing and infinite and to which I can connect my heart.<br \/>If you agree, it will accompany you on a journey. At the very end of this journey you will have the opportunity to let go of everything to create space, to experience your innermost core and to remember to perceive the eternal silence beyond space and time, indestructible and eternal.<br \/>In the second part of the workshop there is only one intention: to deepen your encounter with your boundless heart. There is also no plan, only my trust to surrender completely to the moment and to serve this intention.<\/p><p>If you are interested in the question \"Who am I really\", then this workshop can help you to approach this question. If you are willing to slowly free yourself from what you think you are, leave your comfort zone and dare to leave everything behind and let a new acquaintance with yourself emerge, I will be happy to support you. If your state of mind can slowly be transformed into true bliss, regardless of what is happening, and your longing knows no return, you are in good hands here. If you want to get to know the word \"yes\" anew, the trust in this moment then.....<\/p><p>Please bring a yoga mat and painting clothes.<\/p><p>www.evangeliapitsou.com\/audio.html (archaic chant, Adje No. 2+10)<\/p>","_et_gb_content_width":"","_joinchat":[],"footnotes":""},"class_list":["post-95","page","type-page","status-publish","hentry"],"_links":{"self":[{"href":"https:\/\/soundhealer.evangeliapitsou.com\/de\/wp-json\/wp\/v2\/pages\/95","targetHints":{"allow":["GET"]}}],"collection":[{"href":"https:\/\/soundhealer.evangeliapitsou.com\/de\/wp-json\/wp\/v2\/pages"}],"about":[{"href":"https:\/\/soundhealer.evangeliapitsou.com\/de\/wp-json\/wp\/v2\/types\/page"}],"author":[{"embeddable":true,"href":"https:\/\/soundhealer.evangeliapitsou.com\/de\/wp-json\/wp\/v2\/users\/1"}],"replies":[{"embeddable":true,"href":"https:\/\/soundhealer.evangeliapitsou.com\/de\/wp-json\/wp\/v2\/comments?post=95"}],"version-history":[{"count":10,"href":"https:\/\/soundhealer.evangeliapitsou.com\/de\/wp-json\/wp\/v2\/pages\/95\/revisions"}],"predecessor-version":[{"id":2266,"href":"https:\/\/soundhealer.evangeliapitsou.com\/de\/wp-json\/wp\/v2\/pages\/95\/revisions\/2266"}],"wp:attachment":[{"href":"https:\/\/soundhealer.evangeliapitsou.com\/de\/wp-json\/wp\/v2\/media?parent=95"}],"curies":[{"name":"wp","href":"https:\/\/api.w.org\/{rel}","templated":true}]}}