{"id":800,"date":"2022-10-19T21:01:17","date_gmt":"2022-10-19T18:01:17","guid":{"rendered":"https:\/\/soundhealer.artemis-media.de\/?page_id=800"},"modified":"2025-02-25T16:55:51","modified_gmt":"2025-02-25T15:55:51","slug":"hydra-island","status":"publish","type":"page","link":"https:\/\/soundhealer.evangeliapitsou.com\/de\/hydra-island\/","title":{"rendered":"Hydra"},"content":{"rendered":"<p>[et_pb_section fb_built=&#8221;1&#8243; fullwidth=&#8221;on&#8221; _builder_version=&#8221;4.18.0&#8243; _module_preset=&#8221;default&#8221; global_colors_info=&#8221;{}&#8221; theme_builder_area=&#8221;post_content&#8221;][et_pb_fullwidth_image src=&#8221;http:\/\/soundhealer.evangeliapitsou.com\/wp-content\/uploads\/2022\/11\/TitelbildHydraNeu.jpg&#8221; alt=&#8221;Evangelia Pitsou on Hydra&#8221; _builder_version=&#8221;4.19.0&#8243; _module_preset=&#8221;default&#8221; background_color=&#8221;RGBA(255,255,255,0)&#8221; custom_margin=&#8221;||-25px||false|false&#8221; custom_padding=&#8221;||||false|false&#8221; global_colors_info=&#8221;{}&#8221; theme_builder_area=&#8221;post_content&#8221;][\/et_pb_fullwidth_image][et_pb_fullwidth_post_title meta=&#8221;off&#8221; text_color=&#8221;light&#8221; _builder_version=&#8221;4.18.0&#8243; _module_preset=&#8221;default&#8221; title_font=&#8221;Abel|700||on|||||&#8221; title_text_color=&#8221;#000000&#8243; title_font_size=&#8221;32px&#8221; background_color=&#8221;RGBA(255,255,255,0)&#8221; background_enable_image=&#8221;off&#8221; text_orientation=&#8221;center&#8221; custom_margin=&#8221;||||false|false&#8221; custom_padding=&#8221;||||false|false&#8221; border_style_all=&#8221;dotted&#8221; border_color_bottom=&#8221;#000000&#8243; global_colors_info=&#8221;{}&#8221; theme_builder_area=&#8221;post_content&#8221;][\/et_pb_fullwidth_post_title][\/et_pb_section][et_pb_section fb_built=&#8221;1&#8243; admin_label=&#8221;section&#8221; _builder_version=&#8221;4.19.1&#8243; global_colors_info=&#8221;{}&#8221; theme_builder_area=&#8221;post_content&#8221;][et_pb_row _builder_version=&#8221;4.19.1&#8243; _module_preset=&#8221;default&#8221; global_colors_info=&#8221;{}&#8221; theme_builder_area=&#8221;post_content&#8221;][et_pb_column type=&#8221;4_4&#8243; _builder_version=&#8221;4.19.1&#8243; _module_preset=&#8221;default&#8221; global_colors_info=&#8221;{}&#8221; theme_builder_area=&#8221;post_content&#8221;][wdcl_image_carousel is_autoplay=&#8221;off&#8221; slide_to_scroll=&#8221;3&#8243; _builder_version=&#8221;4.19.1&#8243; _module_preset=&#8221;default&#8221; global_colors_info=&#8221;{}&#8221; theme_builder_area=&#8221;post_content&#8221;][wdcl_image_carousel_child photo=&#8221;http:\/\/soundhealer.evangeliapitsou.com\/wp-content\/uploads\/2023\/03\/WhatsApp-Image-2023-03-26-at-20.54.17-1.jpeg&#8221; _builder_version=&#8221;4.19.1&#8243; _module_preset=&#8221;default&#8221; global_colors_info=&#8221;{}&#8221; theme_builder_area=&#8221;post_content&#8221;][\/wdcl_image_carousel_child][wdcl_image_carousel_child photo=&#8221;http:\/\/soundhealer.evangeliapitsou.com\/wp-content\/uploads\/2023\/03\/WhatsApp-Image-2023-03-26-at-20.54.18-2.jpeg&#8221; _builder_version=&#8221;4.19.1&#8243; _module_preset=&#8221;default&#8221; global_colors_info=&#8221;{}&#8221; theme_builder_area=&#8221;post_content&#8221;][\/wdcl_image_carousel_child][wdcl_image_carousel_child photo=&#8221;http:\/\/soundhealer.evangeliapitsou.com\/wp-content\/uploads\/2023\/03\/WhatsApp-Image-2023-03-26-at-20.54.18-1.jpeg&#8221; _builder_version=&#8221;4.19.1&#8243; _module_preset=&#8221;default&#8221; global_colors_info=&#8221;{}&#8221; theme_builder_area=&#8221;post_content&#8221;][\/wdcl_image_carousel_child][wdcl_image_carousel_child photo=&#8221;http:\/\/soundhealer.evangeliapitsou.com\/wp-content\/uploads\/2023\/03\/WhatsApp-Image-2023-03-26-at-20.54.17-2.jpeg&#8221; _builder_version=&#8221;4.19.1&#8243; _module_preset=&#8221;default&#8221; global_colors_info=&#8221;{}&#8221; theme_builder_area=&#8221;post_content&#8221;][\/wdcl_image_carousel_child][wdcl_image_carousel_child photo=&#8221;http:\/\/soundhealer.evangeliapitsou.com\/wp-content\/uploads\/2023\/03\/WhatsApp-Image-2023-03-26-at-20.54.18.jpeg&#8221; _builder_version=&#8221;4.19.1&#8243; _module_preset=&#8221;default&#8221; global_colors_info=&#8221;{}&#8221; theme_builder_area=&#8221;post_content&#8221;][\/wdcl_image_carousel_child][wdcl_image_carousel_child photo=&#8221;http:\/\/soundhealer.evangeliapitsou.com\/wp-content\/uploads\/2023\/03\/WhatsApp-Image-2023-03-26-at-20.54.18-3.jpeg&#8221; _builder_version=&#8221;4.19.1&#8243; _module_preset=&#8221;default&#8221; global_colors_info=&#8221;{}&#8221; theme_builder_area=&#8221;post_content&#8221;][\/wdcl_image_carousel_child][wdcl_image_carousel_child photo=&#8221;http:\/\/soundhealer.evangeliapitsou.com\/wp-content\/uploads\/2023\/03\/WhatsApp-Image-2023-03-26-at-20.54.18-5.jpeg&#8221; _builder_version=&#8221;4.19.1&#8243; _module_preset=&#8221;default&#8221; global_colors_info=&#8221;{}&#8221; theme_builder_area=&#8221;post_content&#8221;][\/wdcl_image_carousel_child][wdcl_image_carousel_child photo=&#8221;http:\/\/soundhealer.evangeliapitsou.com\/wp-content\/uploads\/2023\/03\/WhatsApp-Image-2023-03-26-at-20.55.23.jpeg&#8221; _builder_version=&#8221;4.19.1&#8243; _module_preset=&#8221;default&#8221; global_colors_info=&#8221;{}&#8221; theme_builder_area=&#8221;post_content&#8221;][\/wdcl_image_carousel_child][\/wdcl_image_carousel][\/et_pb_column][\/et_pb_row][et_pb_row admin_label=&#8221;row&#8221; _builder_version=&#8221;4.16&#8243; background_size=&#8221;initial&#8221; background_position=&#8221;top_left&#8221; background_repeat=&#8221;repeat&#8221; global_colors_info=&#8221;{}&#8221; theme_builder_area=&#8221;post_content&#8221;][et_pb_column type=&#8221;4_4&#8243; _builder_version=&#8221;4.16&#8243; custom_padding=&#8221;|||&#8221; global_colors_info=&#8221;{}&#8221; custom_padding__hover=&#8221;|||&#8221; theme_builder_area=&#8221;post_content&#8221;][et_pb_text _builder_version=&#8221;4.19.1&#8243; _module_preset=&#8221;default&#8221; hover_enabled=&#8221;0&#8243; global_colors_info=&#8221;{}&#8221; theme_builder_area=&#8221;post_content&#8221; sticky_enabled=&#8221;0&#8243;]<\/p>\n<div class=\"\">Hydra ist eine mittelalterlich anmutende Insel, auf der es keine Spuren des Autoverkehrs gibt, nur Esel und Pferde als Transportmittel, so dass die Ger\u00e4uschkulisse unbeschreiblich ist. Es ist ein idealer Ort, um sich in die Stille zu vertiefen und sich von der Natur und ihren Elementen tragen zu lassen.<\/div>\n<div class=\"\"><\/div>\n<div class=\"\">Es gibt so viele M\u00f6glichkeiten, die zu dieser Sehnsucht, sich hinzugeben, f\u00fchren. Es werden Aktivit\u00e4ten zur Auswahl stehen, Deine Pr\u00e4senz und Deine F\u00e4higkeit, ganz im K\u00f6rper zu sein zu vertiefen, w\u00e4hrend gleichzeitig h\u00f6chstwahrscheinlich alte Themen an die Oberfl\u00e4che kommen. Sie bekommen ihren Raum, um vollst\u00e4ndig gef\u00fchlt und gesehen zu werden.<\/div>\n<div class=\"\"><\/div>\n<div class=\"\">Es liegt an Dir, wie Du Deine Zeit hier gestalten willst.<\/div>\n<div class=\"\">Du kannst direkt, ohne ein anderes Ziel, in diesen gl\u00fcckseligen Zustand eintauchen und Dich darin vertiefen, ohne einen anderen Wunsch zu haben, als 24\/7 pr\u00e4sent zu sein. Mit anderen Worten, Du kannst Dich nur zur Verf\u00fcgung stellen, der Rest liegt nicht in Deiner Hand.<\/div>\n<div class=\"\"><\/div>\n<div class=\"\">Es gibt also viele M\u00f6glichkeiten, je nachdem, welche Priorit\u00e4t (Intension)Du Dir gesetzt hast. Letztendlich k\u00f6nnte jeder Moment ,egal was du tust ,als \u00dcbungsfeld gesehen werden in die Pr\u00e4senz zu kommen.<\/div>\n<p>[\/et_pb_text][\/et_pb_column][\/et_pb_row][\/et_pb_section][et_pb_section fb_built=&#8221;1&#8243; _builder_version=&#8221;4.19.1&#8243; _module_preset=&#8221;default&#8221; global_colors_info=&#8221;{}&#8221; theme_builder_area=&#8221;post_content&#8221;][et_pb_row column_structure=&#8221;1_3,1_3,1_3&#8243; _builder_version=&#8221;4.19.1&#8243; _module_preset=&#8221;default&#8221; global_colors_info=&#8221;{}&#8221; theme_builder_area=&#8221;post_content&#8221;][et_pb_column type=&#8221;1_3&#8243; _builder_version=&#8221;4.19.1&#8243; _module_preset=&#8221;default&#8221; global_colors_info=&#8221;{}&#8221; theme_builder_area=&#8221;post_content&#8221;][et_pb_image src=&#8221;http:\/\/soundhealer.evangeliapitsou.com\/wp-content\/uploads\/2023\/03\/WhatsApp-Image-2023-03-28-at-12.08.47.jpeg&#8221; title_text=&#8221;WhatsApp Image 2023-03-28 at 12.08.47&#8243; _builder_version=&#8221;4.19.1&#8243; _module_preset=&#8221;default&#8221; global_colors_info=&#8221;{}&#8221; theme_builder_area=&#8221;post_content&#8221;][\/et_pb_image][\/et_pb_column][et_pb_column type=&#8221;1_3&#8243; _builder_version=&#8221;4.19.1&#8243; _module_preset=&#8221;default&#8221; global_colors_info=&#8221;{}&#8221; theme_builder_area=&#8221;post_content&#8221;][et_pb_video src=&#8221;http:\/\/soundhealer.evangeliapitsou.com\/wp-content\/uploads\/2023\/03\/hydra-video.mp4&#8243; _builder_version=&#8221;4.19.1&#8243; _module_preset=&#8221;default&#8221; transform_scale=&#8221;150%|150%&#8221; transform_translate=&#8221;-1px|38px&#8221; max_width=&#8221;50%&#8221; module_alignment=&#8221;center&#8221; global_colors_info=&#8221;{}&#8221; theme_builder_area=&#8221;post_content&#8221;][\/et_pb_video][\/et_pb_column][et_pb_column type=&#8221;1_3&#8243; _builder_version=&#8221;4.19.1&#8243; _module_preset=&#8221;default&#8221; global_colors_info=&#8221;{}&#8221; theme_builder_area=&#8221;post_content&#8221;][et_pb_image src=&#8221;http:\/\/soundhealer.evangeliapitsou.com\/wp-content\/uploads\/2022\/11\/HydraBild3.jpg&#8221; _builder_version=&#8221;4.19.1&#8243; _module_preset=&#8221;default&#8221; global_colors_info=&#8221;{}&#8221; theme_builder_area=&#8221;post_content&#8221;][\/et_pb_image][\/et_pb_column][\/et_pb_row][\/et_pb_section][et_pb_section fb_built=&#8221;1&#8243; module_id=&#8221;crete&#8221; _builder_version=&#8221;4.19.1&#8243; _module_preset=&#8221;default&#8221; link_option_url=&#8221;#crete&#8221; global_colors_info=&#8221;{}&#8221; theme_builder_area=&#8221;post_content&#8221;][et_pb_row _builder_version=&#8221;4.19.1&#8243; _module_preset=&#8221;default&#8221; global_colors_info=&#8221;{}&#8221; theme_builder_area=&#8221;post_content&#8221;][et_pb_column type=&#8221;4_4&#8243; _builder_version=&#8221;4.19.1&#8243; _module_preset=&#8221;default&#8221; global_colors_info=&#8221;{}&#8221; theme_builder_area=&#8221;post_content&#8221;][et_pb_text _builder_version=&#8221;4.19.1&#8243; _module_preset=&#8221;default&#8221; global_colors_info=&#8221;{}&#8221; theme_builder_area=&#8221;post_content&#8221;]<\/p>\n<h1 style=\"text-align: center;\"><strong>KRETA<\/strong><\/h1>\n<p>[\/et_pb_text][\/et_pb_column][\/et_pb_row][et_pb_row _builder_version=&#8221;4.19.1&#8243; _module_preset=&#8221;default&#8221; global_colors_info=&#8221;{}&#8221; theme_builder_area=&#8221;post_content&#8221;][et_pb_column type=&#8221;4_4&#8243; _builder_version=&#8221;4.19.1&#8243; _module_preset=&#8221;default&#8221; global_colors_info=&#8221;{}&#8221; theme_builder_area=&#8221;post_content&#8221;][et_pb_image src=&#8221;http:\/\/soundhealer.evangeliapitsou.com\/wp-content\/uploads\/2022\/11\/Bild001.jpg&#8221; title_text=&#8221;WhatsApp Image 2023-03-26 at 20.54.18 (2)&#8221; _builder_version=&#8221;4.19.1&#8243; _module_preset=&#8221;default&#8221; global_colors_info=&#8221;{}&#8221; theme_builder_area=&#8221;post_content&#8221;][\/et_pb_image][\/et_pb_column][\/et_pb_row][et_pb_row _builder_version=&#8221;4.19.1&#8243; _module_preset=&#8221;default&#8221; global_colors_info=&#8221;{}&#8221; theme_builder_area=&#8221;post_content&#8221;][et_pb_column type=&#8221;4_4&#8243; _builder_version=&#8221;4.19.1&#8243; _module_preset=&#8221;default&#8221; global_colors_info=&#8221;{}&#8221; theme_builder_area=&#8221;post_content&#8221;][et_pb_text _builder_version=&#8221;4.19.1&#8243; _module_preset=&#8221;default&#8221; custom_padding=&#8221;||40px||false|false&#8221; global_colors_info=&#8221;{}&#8221; theme_builder_area=&#8221;post_content&#8221;]<\/p>\n<div class=\"\">Im Fr\u00fchherbst werde ich einige Wochen auf Kreta sein. Ich finde die Landschaft dort sehr archaisch, und geeignet f\u00fcr diejenigen, die in die Stille eintauchen wollen (Einsiedelei) und sich weniger Komfort aussetzen wollen.<\/div>\n<div class=\"\"><\/div>\n<div class=\"\">Lauter und starker Wind und wilde Wellen k\u00f6nnten auf dem Programm stehen. Wenn man mit dem Sonnenaufgang aufwacht und den Tag mit dem Sonnenuntergang abschlie\u00dft, ist man v\u00f6llig in den Rhythmus der Natur eingebettet.<\/div>\n<div class=\"\"><\/div>\n<div class=\"\">Empfohlen wird mindestens eine Woche, so dass es in den ersten Tagen ein paar Begegnungen geben wird. Danach gilt: je weniger, desto besser. Du kannst Dich entscheiden, je nach dem, was Dich gl\u00fccklich macht. Du kannst ein Zimmer mieten, aber den ganzen Tag in einer H\u00f6hle, unter einem Olivenbaum oder am Meer verbringen. Wir werden eine Feuerzeremonie in Stille abhalten.<\/div>\n<div class=\"\"><\/div>\n<div class=\"\">Es k\u00f6nnen alte Themen auftauchen, die eine Gelegenheit sind, in diese Gef\u00fchle einzutauchen und sie gegebenfalls aus der Gefangenschaft des Unbewussten zu befreien.<\/div>\n<div class=\"\"><\/div>\n<div class=\"\">Im Laufe des Tages k\u00f6nnte es nach Bedarf Zeiten geben, in denen wir zusammen sind.<\/div>\n<div class=\"\">Wenn mehrere Personen gleichzeitig kommen, empfehle ich, f\u00fcr sich zu bleiben.<\/div>\n<div class=\"\"><\/div>\n<div class=\"\">An dieser Stelle m\u00f6chte ich erw\u00e4hnen, dass Du f\u00fcr Dich selbst verantwortlich bist, wenn Du irgendwelche gesundheitliche Probleme hast, lass es mich bitte wissen, denn Du brauchst eine gewisse Stabilit\u00e4t, k\u00f6rperlich und geistig. Auch ist dies kein Ersatz f\u00fcr Medikamente, die Dir von Deinem Arzt verschrieben wurden.<\/div>\n<p>[\/et_pb_text][et_pb_video src=&#8221;http:\/\/soundhealer.evangeliapitsou.com\/wp-content\/uploads\/2022\/11\/video20.mp4&#8243; _builder_version=&#8221;4.19.1&#8243; _module_preset=&#8221;default&#8221; global_colors_info=&#8221;{}&#8221; theme_builder_area=&#8221;post_content&#8221;][\/et_pb_video][\/et_pb_column][\/et_pb_row][\/et_pb_section][et_pb_section fb_built=&#8221;1&#8243; fullwidth=&#8221;on&#8221; _builder_version=&#8221;4.19.1&#8243; _module_preset=&#8221;default&#8221; global_colors_info=&#8221;{}&#8221; theme_builder_area=&#8221;post_content&#8221;][\/et_pb_section]<\/p>","protected":false},"excerpt":{"rendered":"<p><div class=\"et_pb_module wdcl_image_carousel wdcl_image_carousel_0\">\n\t\t\t\t\n\t\t\t\t\n\t\t\t\t\n\t\t\t\t\n\t\t\t\t\n\t\t\t\t\n\t\t\t\t<div class=\"et_pb_module_inner\">\n\t\t\t\t\t<div dir=\"ltr\" class=\"dcm-container dcm-carousel-maker dcm-lightbox-disabled\" data-pagi=\"false\"\n\t\t\tdata-pagi-tablet=\"false\"\n\t\t\tdata-pagi-phone=\"false\"\n\t\t\tdata-nav=\"true\"\n\t\t\tdata-nav-tablet=\"true\"\n\t\t\tdata-nav-phone=\"true\"\n\t\t\tdata-autoplay=\"off\"\n\t\t\tdata-autoplay-speed=\"2000ms\"\n\t\t\tdata-speed=\"700ms\"\n\t\t\tdata-slides=\"3\"\n\t\t\tdata-slides-tablet=\"3\"\n\t\t\tdata-slides-phone=\"3\"\n\t\t\tdata-center=\"off\"\n\t\t\tdata-center-mode-type=\"classic\"\n\t\t\tdata-center-padding=\"70px||\"\n\t\t\tdata-vertical=\"off\"\n\t\t\tdata-icon-left=\"4\"\n\t\t\tdata-icon-right=\"5\"\n\t\t\tdata-infinite=\"on\"\n\t\t\tdata-variable-width=\"off\"\n\t\t\tdata-auto-height=\"off\"\n\t\t\tdata-items-scroll=\"3||\"\n\t\t\tdata-fade=\"off\"\n\t\t\tdata-dir=\"ltr\">\n                <div class=\"wdcl_image_carousel_child wdcl_image_carousel_child_0 wdc_et_pb_module\">\n\t\t\t\t\n\t\t\t\t\n\t\t\t\t\n\t\t\t\t\n\t\t\t\t\n\t\t\t\t\n\t\t\t\t<div class=\"et_pb_module_inner\">\n\t\t\t\t\t<div class=\"dcm-carousel-item dcm-image-swap dcm-hover--none\">\n\t\t\t\t<figure class=\"dcm-lightbox-ctrl\">\n\t\t\t\t<div class=\"dcm-overlay\" data-icon=\"\"><\/div>\n\t\t\t\t<img decoding=\"async\" class=\"dcm-main-img\" data-mfp-src=\"http:\/\/soundhealer.evangeliapitsou.com\/wp-content\/uploads\/2023\/03\/WhatsApp-Image-2023-03-26-at-20.54.17-1.jpeg\" src=\"http:\/\/soundhealer.evangeliapitsou.com\/wp-content\/uploads\/2023\/03\/WhatsApp-Image-2023-03-26-at-20.54.17-1.jpeg\" alt=\"\"\/>\n            <\/figure> \n\t\t\t<\/div>\n\t\t\t\t<\/div>\n\t\t\t<\/div><div class=\"wdcl_image_carousel_child wdcl_image_carousel_child_1 wdc_et_pb_module\">\n\t\t\t\t\n\t\t\t\t\n\t\t\t\t\n\t\t\t\t\n\t\t\t\t\n\t\t\t\t\n\t\t\t\t<div class=\"et_pb_module_inner\">\n\t\t\t\t\t<div class=\"dcm-carousel-item dcm-image-swap dcm-hover--none\">\n\t\t\t\t<figure class=\"dcm-lightbox-ctrl\">\n\t\t\t\t<div class=\"dcm-overlay\" data-icon=\"\"><\/div>\n\t\t\t\t<img decoding=\"async\" class=\"dcm-main-img\" data-mfp-src=\"http:\/\/soundhealer.evangeliapitsou.com\/wp-content\/uploads\/2023\/03\/WhatsApp-Image-2023-03-26-at-20.54.18-2.jpeg\" src=\"http:\/\/soundhealer.evangeliapitsou.com\/wp-content\/uploads\/2023\/03\/WhatsApp-Image-2023-03-26-at-20.54.18-2.jpeg\" alt=\"\"\/>\n            <\/figure> \n\t\t\t<\/div>\n\t\t\t\t<\/div>\n\t\t\t<\/div><div class=\"wdcl_image_carousel_child wdcl_image_carousel_child_2 wdc_et_pb_module\">\n\t\t\t\t\n\t\t\t\t\n\t\t\t\t\n\t\t\t\t\n\t\t\t\t\n\t\t\t\t\n\t\t\t\t<div class=\"et_pb_module_inner\">\n\t\t\t\t\t<div class=\"dcm-carousel-item dcm-image-swap dcm-hover--none\">\n\t\t\t\t<figure class=\"dcm-lightbox-ctrl\">\n\t\t\t\t<div class=\"dcm-overlay\" data-icon=\"\"><\/div>\n\t\t\t\t<img decoding=\"async\" class=\"dcm-main-img\" data-mfp-src=\"http:\/\/soundhealer.evangeliapitsou.com\/wp-content\/uploads\/2023\/03\/WhatsApp-Image-2023-03-26-at-20.54.18-1.jpeg\" src=\"http:\/\/soundhealer.evangeliapitsou.com\/wp-content\/uploads\/2023\/03\/WhatsApp-Image-2023-03-26-at-20.54.18-1.jpeg\" alt=\"\"\/>\n            <\/figure> \n\t\t\t<\/div>\n\t\t\t\t<\/div>\n\t\t\t<\/div><div class=\"wdcl_image_carousel_child wdcl_image_carousel_child_3 wdc_et_pb_module\">\n\t\t\t\t\n\t\t\t\t\n\t\t\t\t\n\t\t\t\t\n\t\t\t\t\n\t\t\t\t\n\t\t\t\t<div class=\"et_pb_module_inner\">\n\t\t\t\t\t<div class=\"dcm-carousel-item dcm-image-swap dcm-hover--none\">\n\t\t\t\t<figure class=\"dcm-lightbox-ctrl\">\n\t\t\t\t<div class=\"dcm-overlay\" data-icon=\"\"><\/div>\n\t\t\t\t<img decoding=\"async\" class=\"dcm-main-img\" data-mfp-src=\"http:\/\/soundhealer.evangeliapitsou.com\/wp-content\/uploads\/2023\/03\/WhatsApp-Image-2023-03-26-at-20.54.17-2.jpeg\" src=\"http:\/\/soundhealer.evangeliapitsou.com\/wp-content\/uploads\/2023\/03\/WhatsApp-Image-2023-03-26-at-20.54.17-2.jpeg\" alt=\"\"\/>\n            <\/figure> \n\t\t\t<\/div>\n\t\t\t\t<\/div>\n\t\t\t<\/div><div class=\"wdcl_image_carousel_child wdcl_image_carousel_child_4 wdc_et_pb_module\">\n\t\t\t\t\n\t\t\t\t\n\t\t\t\t\n\t\t\t\t\n\t\t\t\t\n\t\t\t\t\n\t\t\t\t<div class=\"et_pb_module_inner\">\n\t\t\t\t\t<div class=\"dcm-carousel-item dcm-image-swap dcm-hover--none\">\n\t\t\t\t<figure class=\"dcm-lightbox-ctrl\">\n\t\t\t\t<div class=\"dcm-overlay\" data-icon=\"\"><\/div>\n\t\t\t\t<img decoding=\"async\" class=\"dcm-main-img\" data-mfp-src=\"http:\/\/soundhealer.evangeliapitsou.com\/wp-content\/uploads\/2023\/03\/WhatsApp-Image-2023-03-26-at-20.54.18.jpeg\" src=\"http:\/\/soundhealer.evangeliapitsou.com\/wp-content\/uploads\/2023\/03\/WhatsApp-Image-2023-03-26-at-20.54.18.jpeg\" alt=\"\"\/>\n            <\/figure> \n\t\t\t<\/div>\n\t\t\t\t<\/div>\n\t\t\t<\/div><div class=\"wdcl_image_carousel_child wdcl_image_carousel_child_5 wdc_et_pb_module\">\n\t\t\t\t\n\t\t\t\t\n\t\t\t\t\n\t\t\t\t\n\t\t\t\t\n\t\t\t\t\n\t\t\t\t<div class=\"et_pb_module_inner\">\n\t\t\t\t\t<div class=\"dcm-carousel-item dcm-image-swap dcm-hover--none\">\n\t\t\t\t<figure class=\"dcm-lightbox-ctrl\">\n\t\t\t\t<div class=\"dcm-overlay\" data-icon=\"\"><\/div>\n\t\t\t\t<img decoding=\"async\" class=\"dcm-main-img\" data-mfp-src=\"http:\/\/soundhealer.evangeliapitsou.com\/wp-content\/uploads\/2023\/03\/WhatsApp-Image-2023-03-26-at-20.54.18-3.jpeg\" src=\"http:\/\/soundhealer.evangeliapitsou.com\/wp-content\/uploads\/2023\/03\/WhatsApp-Image-2023-03-26-at-20.54.18-3.jpeg\" alt=\"\"\/>\n            <\/figure> \n\t\t\t<\/div>\n\t\t\t\t<\/div>\n\t\t\t<\/div><div class=\"wdcl_image_carousel_child wdcl_image_carousel_child_6 wdc_et_pb_module\">\n\t\t\t\t\n\t\t\t\t\n\t\t\t\t\n\t\t\t\t\n\t\t\t\t\n\t\t\t\t\n\t\t\t\t<div class=\"et_pb_module_inner\">\n\t\t\t\t\t<div class=\"dcm-carousel-item dcm-image-swap dcm-hover--none\">\n\t\t\t\t<figure class=\"dcm-lightbox-ctrl\">\n\t\t\t\t<div class=\"dcm-overlay\" data-icon=\"\"><\/div>\n\t\t\t\t<img decoding=\"async\" class=\"dcm-main-img\" data-mfp-src=\"http:\/\/soundhealer.evangeliapitsou.com\/wp-content\/uploads\/2023\/03\/WhatsApp-Image-2023-03-26-at-20.54.18-5.jpeg\" src=\"http:\/\/soundhealer.evangeliapitsou.com\/wp-content\/uploads\/2023\/03\/WhatsApp-Image-2023-03-26-at-20.54.18-5.jpeg\" alt=\"\"\/>\n            <\/figure> \n\t\t\t<\/div>\n\t\t\t\t<\/div>\n\t\t\t<\/div><div class=\"wdcl_image_carousel_child wdcl_image_carousel_child_7 wdc_et_pb_module\">\n\t\t\t\t\n\t\t\t\t\n\t\t\t\t\n\t\t\t\t\n\t\t\t\t\n\t\t\t\t\n\t\t\t\t<div class=\"et_pb_module_inner\">\n\t\t\t\t\t<div class=\"dcm-carousel-item dcm-image-swap dcm-hover--none\">\n\t\t\t\t<figure class=\"dcm-lightbox-ctrl\">\n\t\t\t\t<div class=\"dcm-overlay\" data-icon=\"\"><\/div>\n\t\t\t\t<img decoding=\"async\" class=\"dcm-main-img\" data-mfp-src=\"http:\/\/soundhealer.evangeliapitsou.com\/wp-content\/uploads\/2023\/03\/WhatsApp-Image-2023-03-26-at-20.55.23.jpeg\" src=\"http:\/\/soundhealer.evangeliapitsou.com\/wp-content\/uploads\/2023\/03\/WhatsApp-Image-2023-03-26-at-20.55.23.jpeg\" alt=\"\"\/>\n            <\/figure> \n\t\t\t<\/div>\n\t\t\t\t<\/div>\n\t\t\t<\/div>\n            <\/div>\n\t\t\t\t<\/div>\n\t\t\t<\/div>Hydra is a medieval looking island, with no traces [&hellip;]<\/p>","protected":false},"author":1,"featured_media":0,"parent":0,"menu_order":0,"comment_status":"closed","ping_status":"closed","template":"","meta":{"_et_pb_use_builder":"on","_et_pb_old_content":"","_et_gb_content_width":"","_joinchat":[],"footnotes":""},"class_list":["post-800","page","type-page","status-publish","hentry"],"_links":{"self":[{"href":"https:\/\/soundhealer.evangeliapitsou.com\/de\/wp-json\/wp\/v2\/pages\/800","targetHints":{"allow":["GET"]}}],"collection":[{"href":"https:\/\/soundhealer.evangeliapitsou.com\/de\/wp-json\/wp\/v2\/pages"}],"about":[{"href":"https:\/\/soundhealer.evangeliapitsou.com\/de\/wp-json\/wp\/v2\/types\/page"}],"author":[{"embeddable":true,"href":"https:\/\/soundhealer.evangeliapitsou.com\/de\/wp-json\/wp\/v2\/users\/1"}],"replies":[{"embeddable":true,"href":"https:\/\/soundhealer.evangeliapitsou.com\/de\/wp-json\/wp\/v2\/comments?post=800"}],"version-history":[{"count":10,"href":"https:\/\/soundhealer.evangeliapitsou.com\/de\/wp-json\/wp\/v2\/pages\/800\/revisions"}],"predecessor-version":[{"id":2365,"href":"https:\/\/soundhealer.evangeliapitsou.com\/de\/wp-json\/wp\/v2\/pages\/800\/revisions\/2365"}],"wp:attachment":[{"href":"https:\/\/soundhealer.evangeliapitsou.com\/de\/wp-json\/wp\/v2\/media?parent=800"}],"curies":[{"name":"wp","href":"https:\/\/api.w.org\/{rel}","templated":true}]}}