{"id":796,"date":"2022-10-19T21:00:48","date_gmt":"2022-10-19T18:00:48","guid":{"rendered":"https:\/\/soundhealer.artemis-media.de\/?page_id=796"},"modified":"2025-03-04T17:56:40","modified_gmt":"2025-03-04T16:56:40","slug":"about-painting","status":"publish","type":"page","link":"https:\/\/soundhealer.evangeliapitsou.com\/de\/about-painting\/","title":{"rendered":"\u00dcber Malerei"},"content":{"rendered":"<p>[et_pb_section fb_built=&#8221;1&#8243; _builder_version=&#8221;4.19.0&#8243; _module_preset=&#8221;default&#8221; background_color=&#8221;#5200ff&#8221; global_colors_info=&#8221;{}&#8221; theme_builder_area=&#8221;post_content&#8221;][et_pb_row _builder_version=&#8221;4.19.1&#8243; _module_preset=&#8221;default&#8221; background_color=&#8221;RGBA(255,255,255,0)&#8221; global_colors_info=&#8221;{}&#8221; theme_builder_area=&#8221;post_content&#8221;][et_pb_column type=&#8221;4_4&#8243; _builder_version=&#8221;4.19.1&#8243; _module_preset=&#8221;default&#8221; background_color=&#8221;RGBA(255,255,255,0)&#8221; global_colors_info=&#8221;{}&#8221; theme_builder_area=&#8221;post_content&#8221;][et_pb_image src=&#8221;http:\/\/soundhealer.evangeliapitsou.com\/wp-content\/uploads\/2022\/11\/painting-text-576&#215;1024.jpg&#8221; title_text=&#8221;painting-text&#8221; align=&#8221;center&#8221; _builder_version=&#8221;4.19.0&#8243; _module_preset=&#8221;default&#8221; background_color=&#8221;RGBA(255,255,255,0)&#8221; global_colors_info=&#8221;{}&#8221; theme_builder_area=&#8221;post_content&#8221;][\/et_pb_image][\/et_pb_column][\/et_pb_row][\/et_pb_section][et_pb_section fb_built=&#8221;1&#8243; fullwidth=&#8221;on&#8221; _builder_version=&#8221;4.18.0&#8243; _module_preset=&#8221;default&#8221; global_colors_info=&#8221;{}&#8221; theme_builder_area=&#8221;post_content&#8221;][et_pb_fullwidth_post_title meta=&#8221;off&#8221; text_color=&#8221;light&#8221; _builder_version=&#8221;4.18.0&#8243; _module_preset=&#8221;default&#8221; title_font=&#8221;Abel|700||on|||||&#8221; title_text_color=&#8221;#5200ff&#8221; title_font_size=&#8221;32px&#8221; background_color=&#8221;#5200ff&#8221; background_enable_image=&#8221;off&#8221; text_orientation=&#8221;center&#8221; height=&#8221;167px&#8221; custom_margin=&#8221;||||false|false&#8221; custom_padding=&#8221;||||false|false&#8221; border_style_all=&#8221;dotted&#8221; border_color_bottom=&#8221;#000000&#8243; global_colors_info=&#8221;{}&#8221; theme_builder_area=&#8221;post_content&#8221;][\/et_pb_fullwidth_post_title][et_pb_fullwidth_post_title meta=&#8221;off&#8221; text_color=&#8221;light&#8221; _builder_version=&#8221;4.18.0&#8243; _module_preset=&#8221;default&#8221; title_font=&#8221;Abel|700||on|||||&#8221; title_text_color=&#8221;#000000&#8243; title_font_size=&#8221;32px&#8221; background_color=&#8221;RGBA(255,255,255,0)&#8221; background_enable_image=&#8221;off&#8221; text_orientation=&#8221;center&#8221; custom_margin=&#8221;||||false|false&#8221; custom_padding=&#8221;||||false|false&#8221; border_style_all=&#8221;dotted&#8221; border_color_bottom=&#8221;#000000&#8243; global_colors_info=&#8221;{}&#8221; theme_builder_area=&#8221;post_content&#8221;][\/et_pb_fullwidth_post_title][\/et_pb_section][et_pb_section fb_built=&#8221;1&#8243; admin_label=&#8221;section&#8221; _builder_version=&#8221;4.16&#8243; global_colors_info=&#8221;{}&#8221; theme_builder_area=&#8221;post_content&#8221;][et_pb_row admin_label=&#8221;row&#8221; _builder_version=&#8221;4.16&#8243; background_size=&#8221;initial&#8221; background_position=&#8221;top_left&#8221; background_repeat=&#8221;repeat&#8221; global_colors_info=&#8221;{}&#8221; theme_builder_area=&#8221;post_content&#8221;][et_pb_column type=&#8221;4_4&#8243; _builder_version=&#8221;4.16&#8243; custom_padding=&#8221;|||&#8221; global_colors_info=&#8221;{}&#8221; custom_padding__hover=&#8221;|||&#8221; theme_builder_area=&#8221;post_content&#8221;][et_pb_text _builder_version=&#8221;4.19.1&#8243; _module_preset=&#8221;default&#8221; background_color=&#8221;RGBA(255,255,255,0)&#8221; background_size=&#8221;initial&#8221; background_position=&#8221;top_left&#8221; background_repeat=&#8221;repeat&#8221; hover_enabled=&#8221;0&#8243; global_colors_info=&#8221;{}&#8221; theme_builder_area=&#8221;post_content&#8221; sticky_enabled=&#8221;0&#8243;]<\/p>\n<div class=\"\"><span class=\"\">Wenn ich nur einen Apfel malen k\u00f6nnte und alles, was ich zu sagen habe, w\u00e4re darin enthalten, h\u00e4tte ich mein Ziel als Malerin erreicht. Der Kern eines jeden Inhalts ist derselbe, egal wie er \"verpackt\" ist. Die Malerei ist ein Transport dieses unsichtbaren Inhalts, eine neue Version der Verpackung, die es im besten Fall erm\u00f6glicht, etwas von diesem Kern zu enth\u00fcllen.<\/span><\/div>\n<div class=\"\"><span class=\"\">\u00a0<\/span><\/div>\n<div class=\"\"><span class=\"\">Es sind tats\u00e4chlich Schwingungen, die der Maler aufnimmt und die vor seinen Augen mit dem Pinsel feste Formen annehmen. Der Prozess ist wie eine Befruchtung, die neues Leben auf der Leinwand entstehen l\u00e4sst. Es ist eine Kunst, sie einfach zu empfangen, anstatt zu versuchen, sie zu interpretieren.<\/span><\/div>\n<div class=\"\"><span class=\"\">\u00a0<\/span><\/div>\n<div class=\"\"><span class=\"\">Die aufgedeckten Informationen sind Teil und Ausdruck der Welt und des Lebens selbst, f\u00fcr das es keine Grenzen gibt. Theoretisch sollte es mir egal sein, was ich male, denn ich will nicht abbilden, sondern diesen Zustand der Verm\u00e4hlung zwischen Subjekt und Objekt, dieses Einswerden, durch den einzigartigen Geschmack dieser Verbindung sichtbar machen. Im Grunde gab es nie eine Trennung, daher ist das Wort Verbindung nicht ganz pr\u00e4zise.<\/span><\/div>\n<div class=\"\"><span class=\"\">\u00a0<\/span><\/div>\n<div class=\"\"><span class=\"\">Adam bit into the apple, an apple that gradually left traces of poison. One ingredient of the poison was the arrogance of wanting to understand EVERYTHING. Knowledge was separated from wisdom, it became independent and fell in love with detail. The overview or the context disappeared imperceptibly. The ability to distinguish by judging became Adam\u2019s undoing. One veil after another made him forget that he was not separate from his environment, not a separate Adam, but one with the cosmic consciousness.<\/span><\/div>\n<div class=\"\"><span class=\"\">\u00a0<\/span><\/div>\n<div class=\"\"><span class=\"\">Kunst und Wissenschaft nahmen ihren Lauf. Sie haben das Unbekannte als ihren gemeinsamen Aufenthaltsort. Beide lieben es, Br\u00fccken zu bauen und neue Verbindungen zu schaffen. Br\u00fccken mit Verfallsdatum? Die Wissenschaft orientiert sich an den \u00e4u\u00dferen Ph\u00e4nomenen, sie versucht sie zu erkl\u00e4ren. Warum nicht einfach dabei bleiben, sie zu beobachten, denn nach meinem Verst\u00e4ndnis wird es nie zu dem Punkt kommen, an dem alles, was geschieht, durch den menschlichen Verstand erkl\u00e4rt werden kann. Ein gutes Kunstwerk ist zeitlos, d.h. man kann es jedes Mal neu sehen und es kann nicht verstanden werden, so wie das Leben selbst.<\/span><\/div>\n<div class=\"\"><span class=\"\"><\/span><\/div>\n<div class=\"\"><span class=\"\"><\/span><\/div>\n<div class=\"\"><span class=\"\">Die Innenschau ist der Weg der Mystiker, die Hingabe an dieses Unbekannte, Unergr\u00fcndliche, Ewige, das in der Verschmelzung gipfelt.<\/span><\/div>\n<div class=\"\"><span class=\"\"><\/span><\/div>\n<div class=\"\"><span class=\"\">Alle drei Wege f\u00fchren schlie\u00dflich nach Rom.<\/span><\/div>\n<div class=\"\"><span class=\"\">\u00a0<\/span><\/div>\n<div class=\"\"><span class=\"\">Nach Hunderttausenden von Jahren schickte Mutter Erde die neue Eva, und Adam wurde gek\u00fcsst. Er spuckte ihn wieder aus und wachte schlie\u00dflich aus seinem Traum auf. Er hatte das Paradies gar nicht verlassen, aber es gab keine Person Adam, alles war unpers\u00f6nlich und intim zugleich, alles war in ihm, kein Zentrum, eine riesige Symphonie ohne Dirigent, perfekt und frei. Was dieses Mal im Paradies anders war, er war sich bewusst, vielmehr feierte er sich selbst als Bewusstsein. Ein Bewusstsein dass sich begrenzt hatte in eine einzigartige Form.<\/span><\/div>\n<div class=\"\"><span class=\"\">\u00a0<\/span><\/div>\n<div class=\"\"><span class=\"\">Die Einheit von allem erleben zu wollen, k\u00f6nnte ein Versuch sein, die Konditionierung unserer Gedanken zu \u00fcberpr\u00fcfen, die ein Geschenk unserer Zivilisation ist und die immer ihren relativen Charakter behalten wird.<\/span><\/div>\n<p>&nbsp;<\/p>\n<p>[\/et_pb_text][\/et_pb_column][\/et_pb_row][\/et_pb_section]<\/p>","protected":false},"excerpt":{"rendered":"<p>If I could just paint an apple and everything I have to say was contained in it, I would have achieved my goal as a painter. The core of every content is the same, no matter how it is \u201cpackaged\u201d. Painting is a transport of this invisible content, a new version of the packaging that [&hellip;]<\/p>","protected":false},"author":1,"featured_media":0,"parent":0,"menu_order":0,"comment_status":"closed","ping_status":"closed","template":"","meta":{"_et_pb_use_builder":"on","_et_pb_old_content":"","_et_gb_content_width":"","_joinchat":[],"footnotes":""},"class_list":["post-796","page","type-page","status-publish","hentry"],"_links":{"self":[{"href":"https:\/\/soundhealer.evangeliapitsou.com\/de\/wp-json\/wp\/v2\/pages\/796","targetHints":{"allow":["GET"]}}],"collection":[{"href":"https:\/\/soundhealer.evangeliapitsou.com\/de\/wp-json\/wp\/v2\/pages"}],"about":[{"href":"https:\/\/soundhealer.evangeliapitsou.com\/de\/wp-json\/wp\/v2\/types\/page"}],"author":[{"embeddable":true,"href":"https:\/\/soundhealer.evangeliapitsou.com\/de\/wp-json\/wp\/v2\/users\/1"}],"replies":[{"embeddable":true,"href":"https:\/\/soundhealer.evangeliapitsou.com\/de\/wp-json\/wp\/v2\/comments?post=796"}],"version-history":[{"count":11,"href":"https:\/\/soundhealer.evangeliapitsou.com\/de\/wp-json\/wp\/v2\/pages\/796\/revisions"}],"predecessor-version":[{"id":2392,"href":"https:\/\/soundhealer.evangeliapitsou.com\/de\/wp-json\/wp\/v2\/pages\/796\/revisions\/2392"}],"wp:attachment":[{"href":"https:\/\/soundhealer.evangeliapitsou.com\/de\/wp-json\/wp\/v2\/media?parent=796"}],"curies":[{"name":"wp","href":"https:\/\/api.w.org\/{rel}","templated":true}]}}