{"id":761,"date":"2022-10-19T16:01:25","date_gmt":"2022-10-19T13:01:25","guid":{"rendered":"https:\/\/soundhealer.artemis-media.de\/?page_id=761"},"modified":"2023-07-31T17:12:43","modified_gmt":"2023-07-31T14:12:43","slug":"oceanic-approach","status":"publish","type":"page","link":"https:\/\/soundhealer.evangeliapitsou.com\/de\/oceanic-approach\/","title":{"rendered":"Ozeanischer Bliss"},"content":{"rendered":"<p>[et_pb_section fb_built=&#8221;1&#8243; fullwidth=&#8221;on&#8221; _builder_version=&#8221;4.18.0&#8243; _module_preset=&#8221;default&#8221; background_color=&#8221;RGBA(255,255,255,0)&#8221; global_colors_info=&#8221;{}&#8221;][et_pb_fullwidth_post_title meta=&#8221;off&#8221; text_color=&#8221;light&#8221; _builder_version=&#8221;4.18.0&#8243; _module_preset=&#8221;default&#8221; title_font=&#8221;Abel|700||on|||||&#8221; title_text_color=&#8221;#000000&#8243; title_font_size=&#8221;32px&#8221; background_color=&#8221;RGBA(255,255,255,0)&#8221; background_enable_image=&#8221;off&#8221; text_orientation=&#8221;center&#8221; custom_margin=&#8221;||||false|false&#8221; custom_padding=&#8221;||||false|false&#8221; border_style_all=&#8221;dotted&#8221; border_color_bottom=&#8221;#000000&#8243; global_colors_info=&#8221;{}&#8221;][\/et_pb_fullwidth_post_title][\/et_pb_section][et_pb_section fb_built=&#8221;1&#8243; admin_label=&#8221;section&#8221; _builder_version=&#8221;4.18.0&#8243; background_color=&#8221;RGBA(255,255,255,0)&#8221; global_colors_info=&#8221;{}&#8221;][et_pb_row admin_label=&#8221;row&#8221; _builder_version=&#8221;4.18.0&#8243; background_color=&#8221;RGBA(255,255,255,0)&#8221; background_size=&#8221;initial&#8221; background_position=&#8221;top_left&#8221; background_repeat=&#8221;repeat&#8221; global_colors_info=&#8221;{}&#8221;][et_pb_column type=&#8221;4_4&#8243; _builder_version=&#8221;4.18.0&#8243; background_color=&#8221;RGBA(255,255,255,0)&#8221; custom_padding=&#8221;|||&#8221; global_colors_info=&#8221;{}&#8221; custom_padding__hover=&#8221;|||&#8221;][et_pb_text _builder_version=&#8221;4.19.1&#8243; _module_preset=&#8221;default&#8221; text_font=&#8221;Abel||||||||&#8221; text_text_color=&#8221;#000000&#8243; text_font_size=&#8221;17px&#8221; background_color=&#8221;RGBA(255,255,255,0)&#8221; global_colors_info=&#8221;{}&#8221;]<\/p>\n<p>Dies ist f\u00fcr jemanden, der die ozeanische Gl\u00fcckseligkeit erleben m\u00f6chte, in unserer Essenz zu Hause zu sein, wie ein Baby, in diesem furchtlosen Raum der \u00e4u\u00dfersten Sicherheit und des Vertrauens in das, was ist, eins mit allem, was existiert. Du brauchst absolut nichts machen und bist rundum versorgt.<\/p>\n<p>Je mehr Vertrauen vorhanden ist, desto mehr kannst du Dich hingeben. Der Ozean speichert die Erinnerung seit der Erschaffung dieses Planeten. Es ist unbegreiflich, was tats\u00e4chlich passiert, wenn man den Ozean betritt. Welche Informationen werden ausgetauscht? Es kommt ein Moment, in dem wir aufh\u00f6ren, eine Grenze zwischen dem Anfang und dem Ende dessen, was wir sind, zu f\u00fchlen. Es gibt nur das Meer. Und das sind wir.<\/p>\n<p>Es ist sehr einfach, loszulassen, w\u00e4hrend Du im Ozean bist, eins mit ihm zu werden und zu sp\u00fcren, dass er Dich tats\u00e4chlich unterst\u00fctzt. Dieses k\u00f6rperliche Loslassen kann sich auf das Loslassen von Anstrengungen oder Aktivit\u00e4ten auswirken, die in Ihrem Leben nicht n\u00fctzlich oder notwendig sind. Mit der Vertiefung der Hingabe erfahren wir ein gr\u00f6\u00dferes Vertrauen in die Intelligenz des Lebens.<\/p>\n<p>&nbsp;<\/p>\n<p style=\"text-align: center;\"><img loading=\"lazy\" decoding=\"async\" class=\"alignnone wp-image-1169\" src=\"http:\/\/soundhealer.evangeliapitsou.com\/wp-content\/uploads\/2022\/10\/Hydra-300x225.jpg\" alt=\"Hydra island\" width=\"500\" height=\"225\" \/><\/p>\n<p>[\/et_pb_text][\/et_pb_column][\/et_pb_row][\/et_pb_section]<\/p>","protected":false},"excerpt":{"rendered":"<p>\u200bThis is for someone who wants to experience the oceanic bliss, being home, like a baby in the whom, one with everything. The more there is trust, the more you can surrender. The ocean stores the memory since the creation of this planet, it is ungraspable what actually happens once you enter the ocean. What [&hellip;]<\/p>","protected":false},"author":1,"featured_media":0,"parent":0,"menu_order":0,"comment_status":"closed","ping_status":"closed","template":"","meta":{"_et_pb_use_builder":"on","_et_pb_old_content":"","_et_gb_content_width":"","_joinchat":[],"footnotes":""},"class_list":["post-761","page","type-page","status-publish","hentry"],"_links":{"self":[{"href":"https:\/\/soundhealer.evangeliapitsou.com\/de\/wp-json\/wp\/v2\/pages\/761","targetHints":{"allow":["GET"]}}],"collection":[{"href":"https:\/\/soundhealer.evangeliapitsou.com\/de\/wp-json\/wp\/v2\/pages"}],"about":[{"href":"https:\/\/soundhealer.evangeliapitsou.com\/de\/wp-json\/wp\/v2\/types\/page"}],"author":[{"embeddable":true,"href":"https:\/\/soundhealer.evangeliapitsou.com\/de\/wp-json\/wp\/v2\/users\/1"}],"replies":[{"embeddable":true,"href":"https:\/\/soundhealer.evangeliapitsou.com\/de\/wp-json\/wp\/v2\/comments?post=761"}],"version-history":[{"count":14,"href":"https:\/\/soundhealer.evangeliapitsou.com\/de\/wp-json\/wp\/v2\/pages\/761\/revisions"}],"predecessor-version":[{"id":2007,"href":"https:\/\/soundhealer.evangeliapitsou.com\/de\/wp-json\/wp\/v2\/pages\/761\/revisions\/2007"}],"wp:attachment":[{"href":"https:\/\/soundhealer.evangeliapitsou.com\/de\/wp-json\/wp\/v2\/media?parent=761"}],"curies":[{"name":"wp","href":"https:\/\/api.w.org\/{rel}","templated":true}]}}