{"id":745,"date":"2022-10-19T15:59:15","date_gmt":"2022-10-19T12:59:15","guid":{"rendered":"https:\/\/soundhealer.artemis-media.de\/?page_id=745"},"modified":"2024-09-10T20:38:03","modified_gmt":"2024-09-10T18:38:03","slug":"painting-exploration","status":"publish","type":"page","link":"https:\/\/soundhealer.evangeliapitsou.com\/de\/painting-exploration\/","title":{"rendered":"Malerei-Erkundung"},"content":{"rendered":"<p>[et_pb_section fb_built=&#8221;1&#8243; fullwidth=&#8221;on&#8221; _builder_version=&#8221;4.18.0&#8243; _module_preset=&#8221;default&#8221; global_colors_info=&#8221;{}&#8221;][et_pb_fullwidth_image src=&#8221;http:\/\/soundhealer.evangeliapitsou.com\/wp-content\/uploads\/2022\/11\/PalettePainting-2.jpg&#8221; _builder_version=&#8221;4.19.1&#8243; _module_preset=&#8221;default&#8221; background_color=&#8221;RGBA(255,255,255,0)&#8221; custom_margin=&#8221;||-25px||false|false&#8221; custom_padding=&#8221;||||false|false&#8221; global_colors_info=&#8221;{}&#8221;][\/et_pb_fullwidth_image][et_pb_fullwidth_post_title meta=&#8221;off&#8221; text_color=&#8221;light&#8221; _builder_version=&#8221;4.18.0&#8243; _module_preset=&#8221;default&#8221; title_font=&#8221;Abel|700||on|||||&#8221; title_text_color=&#8221;#5200ff&#8221; title_font_size=&#8221;32px&#8221; background_color=&#8221;#5200ff&#8221; background_enable_image=&#8221;off&#8221; text_orientation=&#8221;center&#8221; height=&#8221;167px&#8221; custom_margin=&#8221;||||false|false&#8221; custom_padding=&#8221;||||false|false&#8221; border_style_all=&#8221;dotted&#8221; border_color_bottom=&#8221;#000000&#8243; global_colors_info=&#8221;{}&#8221;][\/et_pb_fullwidth_post_title][et_pb_fullwidth_post_title meta=&#8221;off&#8221; text_color=&#8221;light&#8221; _builder_version=&#8221;4.18.0&#8243; _module_preset=&#8221;default&#8221; title_font=&#8221;Abel|700||on|||||&#8221; title_text_color=&#8221;#000000&#8243; title_font_size=&#8221;32px&#8221; background_color=&#8221;RGBA(255,255,255,0)&#8221; background_enable_image=&#8221;off&#8221; text_orientation=&#8221;center&#8221; custom_margin=&#8221;||||false|false&#8221; custom_padding=&#8221;||||false|false&#8221; border_style_all=&#8221;dotted&#8221; border_color_bottom=&#8221;#000000&#8243; global_colors_info=&#8221;{}&#8221;][\/et_pb_fullwidth_post_title][\/et_pb_section][et_pb_section fb_built=&#8221;1&#8243; admin_label=&#8221;section&#8221; _builder_version=&#8221;4.16&#8243; global_colors_info=&#8221;{}&#8221;][et_pb_row admin_label=&#8221;row&#8221; _builder_version=&#8221;4.16&#8243; background_size=&#8221;initial&#8221; background_position=&#8221;top_left&#8221; background_repeat=&#8221;repeat&#8221; global_colors_info=&#8221;{}&#8221;][et_pb_column type=&#8221;4_4&#8243; _builder_version=&#8221;4.16&#8243; custom_padding=&#8221;|||&#8221; global_colors_info=&#8221;{}&#8221; custom_padding__hover=&#8221;|||&#8221;][et_pb_text _builder_version=&#8221;4.19.1&#8243; _module_preset=&#8221;default&#8221; global_colors_info=&#8221;{}&#8221;]<\/p>\n<p>Jeder kann malen\u2028Das freie Malen ist eine M\u00f6glichkeit, in die Tiefe unseres Seins einzutauchen und ein anderes Bewusstsein in uns zu erwecken. Es braucht keine Vorkenntnisse\n\nWenn die Malerei f\u00fcr Dich v\u00f6llig neu ist ,,und Du neugierig bist, den Ausdruck zu entdecken, der stimmig mit Dir ist, oder aber auch mit dem Feld der Malerei vertraut bist , entscheiden wir, wie wir dieses weite Feld gemeinsam erkunden k\u00f6nnen.<\/p>\n<p>Meine Absicht f\u00fcr Dich ist lediglich,Dich Deiner Kreativit\u00e4t anzuvertrauen, w\u00e4hrend Du absolut authentisch sein kannst und zusehen kannst, wie Dein Pinsel Deine Wahrheit ausdr\u00fcckt. So wie beim wechselndem Wetter ,k\u00f6nnen Ausdr\u00fccke auftauchen , die Dir unbekannt oder sogar schockierend vorkommen, so sei es. Alles ist willkommen.<\/p>\n<p>Es wird eine kleine Meditation geben, um eine Vertiefung in die Stille zu erm\u00f6glichen und gleichzeitig bewusst zu werden, welche Empfindungen in diesem Moment vorhanden sind. Aus dieser neutralen Pr\u00e4senz heraus kannst Du tief in Dich selbst eintauchen, um diesen Prozess zu starten. Du kannst vielleicht einen unpers\u00f6nlichen Raum erschlie\u00dfen, einen nie endenden Ausdruck des Lebens selbst, aus dem alle Kreativit\u00e4t hervorgeht.<\/p>\n<p>Die Hintergrundleinwand des Lebens ist die Quelle unserer Erfahrung. Sie ist der Ort, an dem alle unsere Erfahrungen entstehen und aus dem alle unsere Erfahrungen gemacht werden. Das wei\u00dfe Papier oder die wei\u00dfe Leinwand erm\u00f6glicht also auch das Entstehen dieses Bildes.\n\nDu kannst das Bild als ein Spiel sehen, bei dem Du Dein Bild betrachtest, w\u00e4hrend Du Deinen  K\u00f6rper auf seine eigene Weise darauf reagieren l\u00e4sst . Die Reaktion kann durch die Einf\u00fchrung von Farben, Formen und Gestalten auf der Leinwand ausgedr\u00fcckt werden, die ihren eigenen Duft und ihre eigene Frequenz haben. Dies ist ein freier Raum, der die Leinwand, den Raum, in dem wir uns befinden, und das Bewusstsein, das Du bist, einschlie\u00dft. Es ist ein Ort, an dem Du in der Lage bist, selbstbegrenzende Gedanken und Erwartungen beiseite zu lassen und sich dem Strom der universellen Intelligenz hinzugeben; dem Ursprung einer praktisch unbegrenzten Sch\u00f6pfungskapazit\u00e4t.\u00a0<\/p>\n<p>Der Prozess des Malens \u00e4hnelt dem des Lebens, denn bei jeder Bewegung kann etwas Sch\u00f6nes entstehen und gleichzeitig werden viele M\u00f6glichkeiten ausgeschlossen, also Expansion und Kontraktion zugleich ? Das Unbegrenzte tanzt mit sich selbst und erschafft im Einklang mit dem Rhythmus des Atems. Genie\u00dfe es !<\/p>\n<p>\u200b<\/p>\n<p>[\/et_pb_text][\/et_pb_column][\/et_pb_row][\/et_pb_section]<\/p>","protected":false},"excerpt":{"rendered":"<p>After a brief verbal exchange, depending on your specific wish of how you want to go about with using colors, or if this subject is utterly new to you, and you are curious to find out, we will together decide on how we will explore this vast field. My intention for you is merely to [&hellip;]<\/p>","protected":false},"author":1,"featured_media":0,"parent":0,"menu_order":0,"comment_status":"closed","ping_status":"closed","template":"","meta":{"_et_pb_use_builder":"on","_et_pb_old_content":"","_et_gb_content_width":"","_joinchat":[],"footnotes":""},"class_list":["post-745","page","type-page","status-publish","hentry"],"_links":{"self":[{"href":"https:\/\/soundhealer.evangeliapitsou.com\/de\/wp-json\/wp\/v2\/pages\/745","targetHints":{"allow":["GET"]}}],"collection":[{"href":"https:\/\/soundhealer.evangeliapitsou.com\/de\/wp-json\/wp\/v2\/pages"}],"about":[{"href":"https:\/\/soundhealer.evangeliapitsou.com\/de\/wp-json\/wp\/v2\/types\/page"}],"author":[{"embeddable":true,"href":"https:\/\/soundhealer.evangeliapitsou.com\/de\/wp-json\/wp\/v2\/users\/1"}],"replies":[{"embeddable":true,"href":"https:\/\/soundhealer.evangeliapitsou.com\/de\/wp-json\/wp\/v2\/comments?post=745"}],"version-history":[{"count":10,"href":"https:\/\/soundhealer.evangeliapitsou.com\/de\/wp-json\/wp\/v2\/pages\/745\/revisions"}],"predecessor-version":[{"id":2159,"href":"https:\/\/soundhealer.evangeliapitsou.com\/de\/wp-json\/wp\/v2\/pages\/745\/revisions\/2159"}],"wp:attachment":[{"href":"https:\/\/soundhealer.evangeliapitsou.com\/de\/wp-json\/wp\/v2\/media?parent=745"}],"curies":[{"name":"wp","href":"https:\/\/api.w.org\/{rel}","templated":true}]}}