{"id":741,"date":"2022-10-19T15:58:36","date_gmt":"2022-10-19T12:58:36","guid":{"rendered":"https:\/\/soundhealer.artemis-media.de\/?page_id=741"},"modified":"2024-09-10T21:03:27","modified_gmt":"2024-09-10T19:03:27","slug":"painting-and-dancing","status":"publish","type":"page","link":"https:\/\/soundhealer.evangeliapitsou.com\/de\/painting-and-dancing\/","title":{"rendered":"painting and dancing"},"content":{"rendered":"<p>[et_pb_section fb_built=&#8221;1&#8243; fullwidth=&#8221;on&#8221; _builder_version=&#8221;4.18.0&#8243; _module_preset=&#8221;default&#8221; global_colors_info=&#8221;{}&#8221;][et_pb_fullwidth_image src=&#8221;http:\/\/soundhealer.evangeliapitsou.com\/wp-content\/uploads\/2022\/11\/Titelbildpaintingdancing.jpg&#8221; _builder_version=&#8221;4.19.0&#8243; _module_preset=&#8221;default&#8221; background_color=&#8221;RGBA(255,255,255,0)&#8221; custom_margin=&#8221;||-25px||false|false&#8221; custom_padding=&#8221;||||false|false&#8221; global_colors_info=&#8221;{}&#8221;][\/et_pb_fullwidth_image][et_pb_fullwidth_post_title meta=&#8221;off&#8221; text_color=&#8221;light&#8221; _builder_version=&#8221;4.18.0&#8243; _module_preset=&#8221;default&#8221; title_font=&#8221;Abel|700||on|||||&#8221; title_text_color=&#8221;#5200ff&#8221; title_font_size=&#8221;32px&#8221; background_color=&#8221;#5200ff&#8221; background_enable_image=&#8221;off&#8221; text_orientation=&#8221;center&#8221; height=&#8221;167px&#8221; custom_margin=&#8221;||||false|false&#8221; custom_padding=&#8221;||||false|false&#8221; border_style_all=&#8221;dotted&#8221; border_color_bottom=&#8221;#000000&#8243; global_colors_info=&#8221;{}&#8221;][\/et_pb_fullwidth_post_title][et_pb_fullwidth_post_title meta=&#8221;off&#8221; text_color=&#8221;light&#8221; _builder_version=&#8221;4.18.0&#8243; _module_preset=&#8221;default&#8221; title_font=&#8221;Abel|700||on|||||&#8221; title_text_color=&#8221;#000000&#8243; title_font_size=&#8221;32px&#8221; background_color=&#8221;RGBA(255,255,255,0)&#8221; background_enable_image=&#8221;off&#8221; text_orientation=&#8221;center&#8221; custom_margin=&#8221;||||false|false&#8221; custom_padding=&#8221;||||false|false&#8221; border_style_all=&#8221;dotted&#8221; border_color_bottom=&#8221;#000000&#8243; global_colors_info=&#8221;{}&#8221;][\/et_pb_fullwidth_post_title][\/et_pb_section][et_pb_section fb_built=&#8221;1&#8243; admin_label=&#8221;section&#8221; _builder_version=&#8221;4.16&#8243; global_colors_info=&#8221;{}&#8221;][et_pb_row admin_label=&#8221;row&#8221; _builder_version=&#8221;4.16&#8243; background_size=&#8221;initial&#8221; background_position=&#8221;top_left&#8221; background_repeat=&#8221;repeat&#8221; global_colors_info=&#8221;{}&#8221;][et_pb_column type=&#8221;4_4&#8243; _builder_version=&#8221;4.16&#8243; custom_padding=&#8221;|||&#8221; global_colors_info=&#8221;{}&#8221; custom_padding__hover=&#8221;|||&#8221;][et_pb_text _builder_version=&#8221;4.19.0&#8243; _module_preset=&#8221;default&#8221; global_colors_info=&#8221;{}&#8221;]<\/p>\n<p>Tanzen ist eine wunderbare Gelegenheit, um zu entdecken, dass Bewegung spontan und unkontrolliert geschieht und nicht gew\u00e4hlt oder kontrolliert. In diesem Fluss, wenn wir Gedanken und Erwartungen beiseite lassen, erleben wir die Freude an nat\u00fcrlicher Bewegung, spielerischer und kreativer Bewegung, die ein authentischer Ausdruck unseres inneren Selbst ist. Es ist eine Kunst, auf die Energien des Augenblicks zu h\u00f6ren, intuitiv zu f\u00fchlen, wie sich der K\u00f6rper bewegen m\u00f6chte, f\u00fcr seine Gesundheit und sein rund um Wohl sein.<\/p>\n<p>Nachdem Du in Deinem K\u00f6rper eingetaucht bist,  mit einer gef\u00fchrten Meditation ,wirst du eingeladen, das was in diesem Moment auftaucht in Farben auszudr\u00fccken. Es wird noch mehr zu der Sitzung geben, lass es \u00dcberraschen f\u00fcr Dich sein und genie\u00dfe es.<br \/>There will be more to the session,let it be a surprise and enjoy.<\/p>\n<p>&nbsp;<\/p>\n<p><img loading=\"lazy\" decoding=\"async\" class=\"wp-image-1649 size-large aligncenter\" src=\"http:\/\/soundhealer.evangeliapitsou.com\/wp-content\/uploads\/2022\/11\/paintingdancing.jpg\" alt=\"\" width=\"526\" height=\"466\" srcset=\"https:\/\/soundhealer.evangeliapitsou.com\/wp-content\/uploads\/2022\/11\/paintingdancing.jpg 526w, https:\/\/soundhealer.evangeliapitsou.com\/wp-content\/uploads\/2022\/11\/paintingdancing-300x266.jpg 300w, https:\/\/soundhealer.evangeliapitsou.com\/wp-content\/uploads\/2022\/11\/paintingdancing-480x425.jpg 480w\" sizes=\"auto, (max-width: 526px) 100vw, 526px\" \/><\/p>\n<p>[\/et_pb_text][\/et_pb_column][\/et_pb_row][\/et_pb_section]<\/p>","protected":false},"excerpt":{"rendered":"<p>Dancing is a wonderful opportunity to discover, that movement happens rather than consciously doing it. In other words when the movement is an authentic expression of your inner self, it is playfull and creative, in the flow if your able not to follow your thoughts and expectations. After diving into your body, with a guided [&hellip;]<\/p>","protected":false},"author":1,"featured_media":0,"parent":0,"menu_order":0,"comment_status":"closed","ping_status":"closed","template":"","meta":{"_et_pb_use_builder":"on","_et_pb_old_content":"","_et_gb_content_width":"","_joinchat":[],"footnotes":""},"class_list":["post-741","page","type-page","status-publish","hentry"],"_links":{"self":[{"href":"https:\/\/soundhealer.evangeliapitsou.com\/de\/wp-json\/wp\/v2\/pages\/741","targetHints":{"allow":["GET"]}}],"collection":[{"href":"https:\/\/soundhealer.evangeliapitsou.com\/de\/wp-json\/wp\/v2\/pages"}],"about":[{"href":"https:\/\/soundhealer.evangeliapitsou.com\/de\/wp-json\/wp\/v2\/types\/page"}],"author":[{"embeddable":true,"href":"https:\/\/soundhealer.evangeliapitsou.com\/de\/wp-json\/wp\/v2\/users\/1"}],"replies":[{"embeddable":true,"href":"https:\/\/soundhealer.evangeliapitsou.com\/de\/wp-json\/wp\/v2\/comments?post=741"}],"version-history":[{"count":10,"href":"https:\/\/soundhealer.evangeliapitsou.com\/de\/wp-json\/wp\/v2\/pages\/741\/revisions"}],"predecessor-version":[{"id":2160,"href":"https:\/\/soundhealer.evangeliapitsou.com\/de\/wp-json\/wp\/v2\/pages\/741\/revisions\/2160"}],"wp:attachment":[{"href":"https:\/\/soundhealer.evangeliapitsou.com\/de\/wp-json\/wp\/v2\/media?parent=741"}],"curies":[{"name":"wp","href":"https:\/\/api.w.org\/{rel}","templated":true}]}}