{"id":729,"date":"2022-10-19T15:57:06","date_gmt":"2022-10-19T12:57:06","guid":{"rendered":"https:\/\/soundhealer.artemis-media.de\/?page_id=729"},"modified":"2022-11-22T15:14:28","modified_gmt":"2022-11-22T13:14:28","slug":"swimming-in-the-unknown","status":"publish","type":"page","link":"https:\/\/soundhealer.evangeliapitsou.com\/de\/swimming-in-the-unknown\/","title":{"rendered":"Schwimmen im Unbekannten"},"content":{"rendered":"<p>[et_pb_section fb_built=&#8221;1&#8243; fullwidth=&#8221;on&#8221; _builder_version=&#8221;4.18.0&#8243; _module_preset=&#8221;default&#8221; background_color=&#8221;RGBA(255,255,255,0)&#8221; global_colors_info=&#8221;{}&#8221;][et_pb_fullwidth_image src=&#8221;http:\/\/soundhealer.evangeliapitsou.com\/wp-content\/uploads\/2022\/10\/EvangeliaPitsou021.jpg&#8221; alt=&#8221;Evangelia Pitsou on Hydra&#8221; _builder_version=&#8221;4.18.0&#8243; _module_preset=&#8221;default&#8221; background_color=&#8221;RGBA(255,255,255,0)&#8221; custom_margin=&#8221;||||false|false&#8221; custom_padding=&#8221;||||false|false&#8221; global_colors_info=&#8221;{}&#8221;][\/et_pb_fullwidth_image][et_pb_fullwidth_post_title meta=&#8221;off&#8221; text_color=&#8221;light&#8221; _builder_version=&#8221;4.18.0&#8243; _module_preset=&#8221;default&#8221; title_font=&#8221;Abel|700||on|||||&#8221; title_text_color=&#8221;#000000&#8243; title_font_size=&#8221;32px&#8221; background_color=&#8221;RGBA(255,255,255,0)&#8221; background_enable_image=&#8221;off&#8221; text_orientation=&#8221;center&#8221; custom_margin=&#8221;||||false|false&#8221; custom_padding=&#8221;||||false|false&#8221; border_style_all=&#8221;dotted&#8221; border_color_bottom=&#8221;#000000&#8243; global_colors_info=&#8221;{}&#8221;][\/et_pb_fullwidth_post_title][\/et_pb_section][et_pb_section fb_built=&#8221;1&#8243; admin_label=&#8221;section&#8221; _builder_version=&#8221;4.18.0&#8243; background_color=&#8221;RGBA(255,255,255,0)&#8221; global_colors_info=&#8221;{}&#8221;][et_pb_row admin_label=&#8221;row&#8221; _builder_version=&#8221;4.18.0&#8243; background_color=&#8221;RGBA(255,255,255,0)&#8221; background_size=&#8221;initial&#8221; background_position=&#8221;top_left&#8221; background_repeat=&#8221;repeat&#8221; global_colors_info=&#8221;{}&#8221;][et_pb_column type=&#8221;4_4&#8243; _builder_version=&#8221;4.18.0&#8243; background_color=&#8221;RGBA(255,255,255,0)&#8221; custom_padding=&#8221;|||&#8221; global_colors_info=&#8221;{}&#8221; custom_padding__hover=&#8221;|||&#8221;][et_pb_text _builder_version=&#8221;4.19.1&#8243; text_font=&#8221;Abel||||||||&#8221; text_text_color=&#8221;#000000&#8243; text_font_size=&#8221;17px&#8221; background_color=&#8221;RGBA(255,255,255,0)&#8221; background_size=&#8221;initial&#8221; background_position=&#8221;top_left&#8221; background_repeat=&#8221;repeat&#8221; hover_enabled=&#8221;0&#8243; locked=&#8221;off&#8221; global_colors_info=&#8221;{}&#8221; sticky_enabled=&#8221;0&#8243;]<\/p>\n<p>&#8230;..is swimming at night. It is a great way to start feeling how you approach situations that you can not control.<\/p>\n<p>Jeder Gedanke, jedes Gef\u00fchl, jede Empfindung oder Erfahrung, die aufkommt, kann mit Mitgef\u00fchl begegnet werden. Du hast hier die M\u00f6glichkeit, den unterst\u00fctzenden Ozean in Deinem Bewusstsein einzubeziehen, der als eine Art Reflexion der ozeanischen Natur Deiner Anwesenheit fungiert. Die scheinbare Pers\u00f6nlichkeit in Dir, kann wie eine Welle treiben und in dieser Weite versinken.<\/p>\n<p>Wenn Angst oder Panik aufkommt, geben wir dieser Erfahrung die Freiheit, zu flie\u00dfen und zu schwingen, w\u00e4hrend wir in Kontakt mit dem alles durchdringenden Ozean des Bewusstseins bleiben.<\/p>\n<p>It is amazing to discover, how your body, in which every experience is stored, processes your unconscious fears. Presence is required.This is also an opportunity to check how loving you can be to yourself, for there might be an expectation to prove to yourself how courageous you are, thus going over the limit of feeling safe, and so pushing yourself in a violent way causing more contraction. One could say, that you are forced to observe yourself very carefully, as to know when it is the right time to stop.<\/p>\n<p>Genie\u00dfe und lass los, nutze den Fluss des Wassers, um Deine \u00c4ngste oder alles, was Dich vom Fluss und der Freude des Lebens abzuhalten scheint, wegzusp\u00fclen.<\/p>\n<p>&nbsp;<\/p>\n<p>&nbsp;<\/p>\n<p>[\/et_pb_text][et_pb_image src=&#8221;http:\/\/soundhealer.evangeliapitsou.com\/wp-content\/uploads\/2022\/10\/Hydra05-1.jpg&#8221; alt=&#8221;swiming in the unknown&#8221; title_text=&#8221;Hydra05&#8243; align=&#8221;center&#8221; _builder_version=&#8221;4.18.0&#8243; _module_preset=&#8221;default&#8221; global_colors_info=&#8221;{}&#8221;][\/et_pb_image][\/et_pb_column][\/et_pb_row][\/et_pb_section]<\/p>","protected":false},"excerpt":{"rendered":"<p>&#8230;..is swimming at night. It is a great way to start feeling how you approach situations that you can not control. Anything that arises can be met by you with compassion, and simontaniusly you have the opportunity to stay connected with the supporting ocean, that mirrors much more your nature, rather than your apparent personality. [&hellip;]<\/p>","protected":false},"author":1,"featured_media":0,"parent":0,"menu_order":0,"comment_status":"closed","ping_status":"closed","template":"","meta":{"_et_pb_use_builder":"on","_et_pb_old_content":"","_et_gb_content_width":"","_joinchat":[],"footnotes":""},"class_list":["post-729","page","type-page","status-publish","hentry"],"_links":{"self":[{"href":"https:\/\/soundhealer.evangeliapitsou.com\/de\/wp-json\/wp\/v2\/pages\/729","targetHints":{"allow":["GET"]}}],"collection":[{"href":"https:\/\/soundhealer.evangeliapitsou.com\/de\/wp-json\/wp\/v2\/pages"}],"about":[{"href":"https:\/\/soundhealer.evangeliapitsou.com\/de\/wp-json\/wp\/v2\/types\/page"}],"author":[{"embeddable":true,"href":"https:\/\/soundhealer.evangeliapitsou.com\/de\/wp-json\/wp\/v2\/users\/1"}],"replies":[{"embeddable":true,"href":"https:\/\/soundhealer.evangeliapitsou.com\/de\/wp-json\/wp\/v2\/comments?post=729"}],"version-history":[{"count":34,"href":"https:\/\/soundhealer.evangeliapitsou.com\/de\/wp-json\/wp\/v2\/pages\/729\/revisions"}],"predecessor-version":[{"id":1801,"href":"https:\/\/soundhealer.evangeliapitsou.com\/de\/wp-json\/wp\/v2\/pages\/729\/revisions\/1801"}],"wp:attachment":[{"href":"https:\/\/soundhealer.evangeliapitsou.com\/de\/wp-json\/wp\/v2\/media?parent=729"}],"curies":[{"name":"wp","href":"https:\/\/api.w.org\/{rel}","templated":true}]}}