{"id":725,"date":"2022-10-19T15:56:45","date_gmt":"2022-10-19T12:56:45","guid":{"rendered":"https:\/\/soundhealer.artemis-media.de\/?page_id=725"},"modified":"2022-11-21T19:06:12","modified_gmt":"2022-11-21T17:06:12","slug":"eye-gazing","status":"publish","type":"page","link":"https:\/\/soundhealer.evangeliapitsou.com\/de\/eye-gazing\/","title":{"rendered":"Eyegazing"},"content":{"rendered":"<p>[et_pb_section fb_built=&#8221;1&#8243; fullwidth=&#8221;on&#8221; _builder_version=&#8221;4.18.0&#8243; _module_preset=&#8221;default&#8221; global_colors_info=&#8221;{}&#8221;][et_pb_fullwidth_image src=&#8221;http:\/\/soundhealer.evangeliapitsou.com\/wp-content\/uploads\/2022\/10\/eyegazing.png&#8221; alt=&#8221;eyegazing&#8221; _builder_version=&#8221;4.18.0&#8243; _module_preset=&#8221;default&#8221; background_color=&#8221;RGBA(255,255,255,0)&#8221; custom_margin=&#8221;||-25px||false|false&#8221; custom_padding=&#8221;||||false|false&#8221; global_colors_info=&#8221;{}&#8221;][\/et_pb_fullwidth_image][et_pb_fullwidth_post_title meta=&#8221;off&#8221; text_color=&#8221;light&#8221; _builder_version=&#8221;4.18.0&#8243; _module_preset=&#8221;default&#8221; title_font=&#8221;Abel|700||on|||||&#8221; title_text_color=&#8221;#5200ff&#8221; title_font_size=&#8221;32px&#8221; background_color=&#8221;#5200ff&#8221; background_enable_image=&#8221;off&#8221; text_orientation=&#8221;center&#8221; height=&#8221;167px&#8221; custom_margin=&#8221;||||false|false&#8221; custom_padding=&#8221;||||false|false&#8221; border_style_all=&#8221;dotted&#8221; border_color_bottom=&#8221;#000000&#8243; global_colors_info=&#8221;{}&#8221;][\/et_pb_fullwidth_post_title][et_pb_fullwidth_post_title meta=&#8221;off&#8221; text_color=&#8221;light&#8221; _builder_version=&#8221;4.18.0&#8243; _module_preset=&#8221;default&#8221; title_font=&#8221;Abel|700||on|||||&#8221; title_text_color=&#8221;#000000&#8243; title_font_size=&#8221;32px&#8221; background_color=&#8221;RGBA(255,255,255,0)&#8221; background_enable_image=&#8221;off&#8221; text_orientation=&#8221;center&#8221; custom_margin=&#8221;||||false|false&#8221; custom_padding=&#8221;||||false|false&#8221; border_style_all=&#8221;dotted&#8221; border_color_bottom=&#8221;#000000&#8243; global_colors_info=&#8221;{}&#8221;][\/et_pb_fullwidth_post_title][\/et_pb_section][et_pb_section fb_built=&#8221;1&#8243; admin_label=&#8221;section&#8221; _builder_version=&#8221;4.16&#8243; global_colors_info=&#8221;{}&#8221;][et_pb_row admin_label=&#8221;row&#8221; _builder_version=&#8221;4.16&#8243; background_size=&#8221;initial&#8221; background_position=&#8221;top_left&#8221; background_repeat=&#8221;repeat&#8221; global_colors_info=&#8221;{}&#8221;][et_pb_column type=&#8221;4_4&#8243; _builder_version=&#8221;4.16&#8243; custom_padding=&#8221;|||&#8221; global_colors_info=&#8221;{}&#8221; custom_padding__hover=&#8221;|||&#8221;][et_pb_text _builder_version=&#8221;4.19.1&#8243; _module_preset=&#8221;default&#8221; hover_enabled=&#8221;0&#8243; global_colors_info=&#8221;{}&#8221; sticky_enabled=&#8221;0&#8243;]<\/p>\n<p>Diese Praxis ist so wertvolll. Sie kann durch nichts anderes ersetzt werden. Es ist eine sanfte, aber kraftvolle Einladung, die scheinbare Dualit\u00e4t der menschlichen Interaktion zu durchschauen und die Einheit des Seins zu offenbaren, die unsere gemeinsame Pr\u00e4senz ist. Unsere Augen ruhen einfach in dieser gegenseitige Schau, und unsere nat\u00fcrliche Art, Einheit zu sehen, kommt allm\u00e4hlich ins Bewusstsein. Deine Augen, die sich selbst nicht direkt sehen k\u00f6nnen, schauen mir in die Augen. Das ist eine perfekte Metapher. Unsere beiden Augen sind der Ausdruck unseres wahren Selbst, jener Pr\u00e4senz, die nicht als Objekt gesehen werden kann, aber alles ist, was wirklich jemals gesehen wird. Wer schaut wen an? Du siehst mich in dir, und du siehst dich selbst als mich.<\/p>\n<p>W\u00e4hrend wir einfach nur schauen, sind wir uns unserer selbst bewusst, dieser einen Pr\u00e4senz des Gewahrseins, und wir begr\u00fc\u00dfen die Gedanken, Empfindungen und Wahrnehmungen, die in uns erscheinen und verschwinden. Es ist eine wunderbare Gelegenheit, im Detail zu sehen, wie Du funktionierst, Deinen konditionierten Verstand, und das wahre Selbst zu enth\u00fcllen, das frei vom Verstand und Funktionieren ist. Im Laufe der Zeit gibt es eine unvermeidliche Vertiefung in die Pr\u00e4senz. Was f\u00fcr ein Geschenk Du dir selbst machst!<\/p>\n<p>After this experience, you might be able to look in someone&#8217;s eyes without an agenda, without signifying that you have any needs that have to be met. Amazing!<\/p>\n<p>&nbsp;<\/p>\n<p>[\/et_pb_text][et_pb_image src=&#8221;http:\/\/soundhealer.evangeliapitsou.com\/wp-content\/uploads\/2022\/10\/Ankh.png&#8221; title_text=&#8221;Ankh&#8221; align=&#8221;center&#8221; _builder_version=&#8221;4.18.0&#8243; _module_preset=&#8221;default&#8221; global_colors_info=&#8221;{}&#8221;][\/et_pb_image][\/et_pb_column][\/et_pb_row][\/et_pb_section]<\/p>","protected":false},"excerpt":{"rendered":"<p>This practice is ever so valuable. It can not be replaced by anything else. Your eyes which can not see themselves are looking at a pair of eyes who are the expression of your true self, that which can not be explained. So who is looking at you? While you are looking at these eyes [&hellip;]<\/p>","protected":false},"author":1,"featured_media":0,"parent":0,"menu_order":0,"comment_status":"closed","ping_status":"closed","template":"","meta":{"_et_pb_use_builder":"on","_et_pb_old_content":"","_et_gb_content_width":"","_joinchat":[],"footnotes":""},"class_list":["post-725","page","type-page","status-publish","hentry"],"_links":{"self":[{"href":"https:\/\/soundhealer.evangeliapitsou.com\/de\/wp-json\/wp\/v2\/pages\/725","targetHints":{"allow":["GET"]}}],"collection":[{"href":"https:\/\/soundhealer.evangeliapitsou.com\/de\/wp-json\/wp\/v2\/pages"}],"about":[{"href":"https:\/\/soundhealer.evangeliapitsou.com\/de\/wp-json\/wp\/v2\/types\/page"}],"author":[{"embeddable":true,"href":"https:\/\/soundhealer.evangeliapitsou.com\/de\/wp-json\/wp\/v2\/users\/1"}],"replies":[{"embeddable":true,"href":"https:\/\/soundhealer.evangeliapitsou.com\/de\/wp-json\/wp\/v2\/comments?post=725"}],"version-history":[{"count":18,"href":"https:\/\/soundhealer.evangeliapitsou.com\/de\/wp-json\/wp\/v2\/pages\/725\/revisions"}],"predecessor-version":[{"id":1793,"href":"https:\/\/soundhealer.evangeliapitsou.com\/de\/wp-json\/wp\/v2\/pages\/725\/revisions\/1793"}],"wp:attachment":[{"href":"https:\/\/soundhealer.evangeliapitsou.com\/de\/wp-json\/wp\/v2\/media?parent=725"}],"curies":[{"name":"wp","href":"https:\/\/api.w.org\/{rel}","templated":true}]}}