{"id":698,"date":"2022-10-19T15:29:40","date_gmt":"2022-10-19T12:29:40","guid":{"rendered":"https:\/\/soundhealer.artemis-media.de\/?page_id=698"},"modified":"2025-02-03T20:32:50","modified_gmt":"2025-02-03T19:32:50","slug":"papou","status":"publish","type":"page","link":"https:\/\/soundhealer.evangeliapitsou.com\/de\/papou\/","title":{"rendered":"Papou"},"content":{"rendered":"<p>[et_pb_section fb_built=&#8221;1&#8243; _builder_version=&#8221;4.19.0&#8243; _module_preset=&#8221;default&#8221; background_color=&#8221;RGBA(255,255,255,0)&#8221; background_image=&#8221;http:\/\/soundhealer.evangeliapitsou.com\/wp-content\/uploads\/2022\/10\/oceagreypapou-1.jpg&#8221; background_size=&#8221;initial&#8221; background_position=&#8221;top_left&#8221; background_repeat=&#8221;repeat&#8221; background_blend=&#8221;soft-light&#8221; border_width_all=&#8221;6px&#8221; border_color_all=&#8221;#000000&#8243; global_colors_info=&#8221;{}&#8221; theme_builder_area=&#8221;post_content&#8221;][et_pb_row _builder_version=&#8221;4.18.0&#8243; _module_preset=&#8221;default&#8221; background_enable_image=&#8221;off&#8221; background_repeat=&#8221;repeat-x&#8221; global_colors_info=&#8221;{}&#8221; theme_builder_area=&#8221;post_content&#8221;][et_pb_column type=&#8221;4_4&#8243; _builder_version=&#8221;4.18.0&#8243; _module_preset=&#8221;default&#8221; global_colors_info=&#8221;{}&#8221; theme_builder_area=&#8221;post_content&#8221;][et_pb_image src=&#8221;http:\/\/soundhealer.evangeliapitsou.com\/wp-content\/uploads\/2022\/10\/papou1.jpg&#8221; alt=&#8221;papou1&#8243; align=&#8221;center&#8221; _builder_version=&#8221;4.19.0&#8243; _module_preset=&#8221;default&#8221; border_color_all=&#8221;#000000&#8243; global_colors_info=&#8221;{}&#8221; theme_builder_area=&#8221;post_content&#8221;][\/et_pb_image][\/et_pb_column][\/et_pb_row][\/et_pb_section][et_pb_section fb_built=&#8221;1&#8243; fullwidth=&#8221;on&#8221; _builder_version=&#8221;4.19.0&#8243; _module_preset=&#8221;default&#8221; background_color=&#8221;rgba(255,255,255,0.45)&#8221; border_color_right=&#8221;#000000&#8243; border_color_bottom=&#8221;#000000&#8243; global_colors_info=&#8221;{}&#8221; theme_builder_area=&#8221;post_content&#8221;][et_pb_fullwidth_post_title meta=&#8221;off&#8221; text_color=&#8221;light&#8221; _builder_version=&#8221;4.19.0&#8243; _module_preset=&#8221;default&#8221; title_font=&#8221;Abel|700||on|||||&#8221; title_text_color=&#8221;#000000&#8243; title_font_size=&#8221;32px&#8221; background_color=&#8221;RGBA(255,255,255,0)&#8221; background_enable_image=&#8221;off&#8221; text_orientation=&#8221;center&#8221; custom_margin=&#8221;||||false|false&#8221; custom_padding=&#8221;||||false|false&#8221; border_style_all=&#8221;dotted&#8221; border_color_bottom=&#8221;#000000&#8243; global_colors_info=&#8221;{}&#8221; theme_builder_area=&#8221;post_content&#8221;][\/et_pb_fullwidth_post_title][\/et_pb_section][et_pb_section fb_built=&#8221;1&#8243; admin_label=&#8221;section&#8221; _builder_version=&#8221;4.19.0&#8243; background_color=&#8221;rgba(255,255,255,0.45)&#8221; border_color_right=&#8221;#000000&#8243; border_color_bottom=&#8221;#000000&#8243; border_color_left=&#8221;#000000&#8243; global_colors_info=&#8221;{}&#8221; theme_builder_area=&#8221;post_content&#8221;][et_pb_row column_structure=&#8221;2_5,3_5&#8243; _builder_version=&#8221;4.19.0&#8243; _module_preset=&#8221;default&#8221; global_colors_info=&#8221;{}&#8221; theme_builder_area=&#8221;post_content&#8221;][et_pb_column type=&#8221;2_5&#8243; _builder_version=&#8221;4.19.0&#8243; _module_preset=&#8221;default&#8221; global_colors_info=&#8221;{}&#8221; theme_builder_area=&#8221;post_content&#8221;][et_pb_image src=&#8221;http:\/\/soundhealer.evangeliapitsou.com\/wp-content\/uploads\/2022\/10\/papou2-e1668800770599.png&#8221; alt=&#8221;papou&#8221; _builder_version=&#8221;4.19.1&#8243; _module_preset=&#8221;default&#8221; hover_enabled=&#8221;0&#8243; global_colors_info=&#8221;{}&#8221; theme_builder_area=&#8221;post_content&#8221; custom_padding=&#8221;|42px|10px||false|false&#8221; sticky_enabled=&#8221;0&#8243;][\/et_pb_image][\/et_pb_column][et_pb_column type=&#8221;3_5&#8243; _builder_version=&#8221;4.19.0&#8243; _module_preset=&#8221;default&#8221; global_colors_info=&#8221;{}&#8221; theme_builder_area=&#8221;post_content&#8221;][et_pb_text _builder_version=&#8221;4.19.1&#8243; _module_preset=&#8221;default&#8221; background_color=&#8221;RGBA(255,255,255,0)&#8221; hover_enabled=&#8221;0&#8243; global_colors_info=&#8221;{}&#8221; theme_builder_area=&#8221;post_content&#8221; sticky_enabled=&#8221;0&#8243;]<\/p>\n<div class=\"\">\n<p>Vor 15 Jahen begegnete ich einem 104-j\u00e4hrigen alten Griechen. Er nannte sich Papou, was Grossvater auf griechisch bedeutet. Er lebte unterhalb der Akropolis und erinnerte mich an Sokrates. Er lehrte nicht direkt, sondern stellte Fragen. Er war ganz dem alt-griechischen Geist hingegeben und Christus war die Fortsetzung, seine Leidenschaft. <\/p>\n<p>In seinen Gebeten, zu denen wir eingeladen waren, gab es Tanz, was mich an die ersten christlichen Jahre erinnerte. Er bezog gesungene Mantren und Ges\u00e4nge vieler verschiedenen Traditionen von anderen Religionen mit ein, sowie Aussagen alter griechischen Philosophen.<\/p><\/div>\n<p>[\/et_pb_text][\/et_pb_column][\/et_pb_row][et_pb_row admin_label=&#8221;row&#8221; _builder_version=&#8221;4.19.0&#8243; background_color=&#8221;RGBA(255,255,255,0)&#8221; background_size=&#8221;initial&#8221; background_position=&#8221;top_left&#8221; background_repeat=&#8221;repeat&#8221; global_colors_info=&#8221;{}&#8221; theme_builder_area=&#8221;post_content&#8221;][et_pb_column type=&#8221;4_4&#8243; _builder_version=&#8221;4.16&#8243; custom_padding=&#8221;|||&#8221; global_colors_info=&#8221;{}&#8221; custom_padding__hover=&#8221;|||&#8221; theme_builder_area=&#8221;post_content&#8221;][et_pb_text _builder_version=&#8221;4.19.1&#8243; _module_preset=&#8221;default&#8221; custom_margin=&#8221;-35px||||false|false&#8221; hover_enabled=&#8221;0&#8243; global_colors_info=&#8221;{}&#8221; theme_builder_area=&#8221;post_content&#8221; sticky_enabled=&#8221;0&#8243;]<\/p>\n<div class=\"\">Wir beteten auch im Meer, indem wir einen riesigen Kreis bildeten. Dann sassen wir in der Stille in der prallen Mittagssonne, weder mit Hut noch eingecremt. Dieses Ph\u00e4nomen kann ich mir bis heute nicht erkl\u00e4ren. Sp\u00e4ter sassen wir an einem ewig langem Tisch am Meer. Wir fingen mit gesungenen Gebeten an, feierten das Mahl, und endeten mit alten griechischen Liedern, zu denen auch getanzt wurde.<\/div>\n<div class=\"\"><\/div>\n<div class=\"\">Was also ist Beten? Da es nicht auf etwas gerichtet ist, das sich au\u00dferhalb von einem selbst befindet, injiziert der Duft der Hingabe diese hohe Intelligenz, die man f\u00fchlen und mit ihr verschmelzen kann, ohne ihre unendliche Qualit\u00e4t oder ihren Inhalt zu erfassen, F\u00fclle auf allen Ebenen, v\u00f6llige Freiheit, diese sich \u00f6ffnende Qualit\u00e4t der Liebe... der ganze Tag, was auch immer man im Begriff ist zu tun, kann ein Akt des Betens sein, eine Hingabe an diesen Moment.\n\u00a0<\/div>\n<div class=\"\"><\/div>\n<div class=\"\"><\/div>\n<div class=\"\">Ramana Maharshi sprach \u00fcber die Selbsterforschung mit der grundlegenden Frage \"Wer bin ich wirklich?\", eine Frage, die auch von den alten Griechen gestellt wurde und die auf dem Tor des Apollo-Tempels in Delphi geschrieben stand: \"Erkenne dich selbst\"<\/div>\n<div class=\"\"><span class=\"\">&#8220;\u03b3\u03bd<\/span><span class=\"\">\u1ff6<\/span><span class=\"\">\"\u03b3\u03bd\u1ff6\u03b8\u03b9 \u03c3\u03b5\u03b1\u03c5\u03c4\u03cc\u03bd\"<\/span><\/div>\n<div class=\"\"><\/div>\n<div class=\"\">Zur\u00fcck zu unserem Sokrates: \"Ich wei\u00df, dass ich nichts wei\u00df.\" [\u1f13\u03bd \u03bf\u1f36\u03b4\u03b1 \u1f45\u03c4\u03b9] \u03bf\u1f50\u03b4\u1f72\u03bd \u03bf\u1f36\u03b4\u03b1\" (in Platos Apologie). Ein Weiser sagte mal folgende Worte: \u201cWenn ich spreche l\u00fcge ich und wenn ich schweige bin ich feige.\u201c<\/div>\n<div class=\"\"><\/div>\n<p>&nbsp;<\/p>\n<p>[\/et_pb_text][\/et_pb_column][\/et_pb_row][et_pb_row _builder_version=&#8221;4.19.0&#8243; _module_preset=&#8221;default&#8221; background_color=&#8221;RGBA(255,255,255,0)&#8221; border_color_right=&#8221;#000000&#8243; border_color_bottom=&#8221;#000000&#8243; border_color_left=&#8221;#000000&#8243; global_colors_info=&#8221;{}&#8221; theme_builder_area=&#8221;post_content&#8221;][et_pb_column type=&#8221;4_4&#8243; _builder_version=&#8221;4.18.0&#8243; _module_preset=&#8221;default&#8221; global_colors_info=&#8221;{}&#8221; theme_builder_area=&#8221;post_content&#8221;][et_pb_video src=&#8221;https:\/\/www.youtube.com\/watch?v=4nWpUZg4KXQ&#8221; _builder_version=&#8221;4.18.0&#8243; _module_preset=&#8221;default&#8221; locked=&#8221;off&#8221; global_colors_info=&#8221;{}&#8221; theme_builder_area=&#8221;post_content&#8221;][\/et_pb_video][\/et_pb_column][\/et_pb_row][\/et_pb_section]<\/p>","protected":false},"excerpt":{"rendered":"<p>15 years ago, I came across a 104 -year- old Greek man, who called himself grandfather in Greek Papou. He lived under the Acropolis and reminded me of Socrates. He would not teach but ask questions. Papou was dedicated to the Greek ancient spirit, and Christ was the follow-up to that, his passion. In his [&hellip;]<\/p>","protected":false},"author":1,"featured_media":0,"parent":0,"menu_order":0,"comment_status":"closed","ping_status":"closed","template":"","meta":{"_et_pb_use_builder":"on","_et_pb_old_content":"","_et_gb_content_width":"","_joinchat":[],"footnotes":""},"class_list":["post-698","page","type-page","status-publish","hentry"],"_links":{"self":[{"href":"https:\/\/soundhealer.evangeliapitsou.com\/de\/wp-json\/wp\/v2\/pages\/698","targetHints":{"allow":["GET"]}}],"collection":[{"href":"https:\/\/soundhealer.evangeliapitsou.com\/de\/wp-json\/wp\/v2\/pages"}],"about":[{"href":"https:\/\/soundhealer.evangeliapitsou.com\/de\/wp-json\/wp\/v2\/types\/page"}],"author":[{"embeddable":true,"href":"https:\/\/soundhealer.evangeliapitsou.com\/de\/wp-json\/wp\/v2\/users\/1"}],"replies":[{"embeddable":true,"href":"https:\/\/soundhealer.evangeliapitsou.com\/de\/wp-json\/wp\/v2\/comments?post=698"}],"version-history":[{"count":9,"href":"https:\/\/soundhealer.evangeliapitsou.com\/de\/wp-json\/wp\/v2\/pages\/698\/revisions"}],"predecessor-version":[{"id":2355,"href":"https:\/\/soundhealer.evangeliapitsou.com\/de\/wp-json\/wp\/v2\/pages\/698\/revisions\/2355"}],"wp:attachment":[{"href":"https:\/\/soundhealer.evangeliapitsou.com\/de\/wp-json\/wp\/v2\/media?parent=698"}],"curies":[{"name":"wp","href":"https:\/\/api.w.org\/{rel}","templated":true}]}}