{"id":1811,"date":"2022-11-22T18:33:34","date_gmt":"2022-11-22T16:33:34","guid":{"rendered":"https:\/\/soundhealer.artemis-media.de\/?page_id=1811"},"modified":"2025-02-25T17:06:29","modified_gmt":"2025-02-25T16:06:29","slug":"ceremonies","status":"publish","type":"page","link":"https:\/\/soundhealer.evangeliapitsou.com\/de\/ceremonies\/","title":{"rendered":"Zeremonien"},"content":{"rendered":"<p>[et_pb_section fb_built=&#8221;1&#8243; fullwidth=&#8221;on&#8221; _builder_version=&#8221;4.19.1&#8243; _module_preset=&#8221;default&#8221; global_colors_info=&#8221;{}&#8221; theme_builder_area=&#8221;post_content&#8221;][et_pb_fullwidth_image src=&#8221;http:\/\/soundhealer.evangeliapitsou.com\/wp-content\/uploads\/2022\/11\/Ceremonies.png&#8221; alt=&#8221;retreats-titel&#8221; title_text=&#8221;Ceremonies&#8221; _builder_version=&#8221;4.19.1&#8243; _module_preset=&#8221;default&#8221; background_color=&#8221;RGBA(255,255,255,0)&#8221; custom_margin=&#8221;||-25px||false|false&#8221; custom_padding=&#8221;||||false|false&#8221; global_colors_info=&#8221;{}&#8221; theme_builder_area=&#8221;post_content&#8221;][\/et_pb_fullwidth_image][et_pb_fullwidth_post_title meta=&#8221;off&#8221; text_color=&#8221;light&#8221; _builder_version=&#8221;4.19.1&#8243; _module_preset=&#8221;default&#8221; title_font=&#8221;Abel|700||on|||||&#8221; title_text_color=&#8221;#5200ff&#8221; title_font_size=&#8221;32px&#8221; background_color=&#8221;#5200ff&#8221; background_enable_image=&#8221;off&#8221; text_orientation=&#8221;center&#8221; height=&#8221;167px&#8221; custom_margin=&#8221;||||false|false&#8221; custom_padding=&#8221;||25px||false|false&#8221; border_style_all=&#8221;dotted&#8221; border_width_bottom=&#8221;1px&#8221; border_color_bottom=&#8221;#000000&#8243; global_colors_info=&#8221;{}&#8221; theme_builder_area=&#8221;post_content&#8221;][\/et_pb_fullwidth_post_title][et_pb_fullwidth_post_title meta=&#8221;off&#8221; text_color=&#8221;light&#8221; _builder_version=&#8221;4.19.1&#8243; _module_preset=&#8221;default&#8221; title_font=&#8221;Abel|700||on|||||&#8221; title_text_color=&#8221;#000000&#8243; title_font_size=&#8221;32px&#8221; background_color=&#8221;RGBA(255,255,255,0)&#8221; background_enable_image=&#8221;off&#8221; text_orientation=&#8221;center&#8221; custom_margin=&#8221;||||false|false&#8221; custom_padding=&#8221;||25px||false|false&#8221; border_style_all=&#8221;dotted&#8221; border_color_bottom=&#8221;#000000&#8243; global_colors_info=&#8221;{}&#8221; theme_builder_area=&#8221;post_content&#8221;][\/et_pb_fullwidth_post_title][\/et_pb_section][et_pb_section fb_built=&#8221;1&#8243; admin_label=&#8221;section&#8221; _builder_version=&#8221;4.19.1&#8243; global_colors_info=&#8221;{}&#8221; theme_builder_area=&#8221;post_content&#8221;][et_pb_row admin_label=&#8221;row&#8221; _builder_version=&#8221;4.16&#8243; background_size=&#8221;initial&#8221; background_position=&#8221;top_left&#8221; background_repeat=&#8221;repeat&#8221; global_colors_info=&#8221;{}&#8221; theme_builder_area=&#8221;post_content&#8221;][et_pb_column type=&#8221;4_4&#8243; _builder_version=&#8221;4.16&#8243; custom_padding=&#8221;|||&#8221; global_colors_info=&#8221;{}&#8221; custom_padding__hover=&#8221;|||&#8221; theme_builder_area=&#8221;post_content&#8221;][et_pb_text _builder_version=&#8221;4.19.1&#8243; _module_preset=&#8221;default&#8221; hover_enabled=&#8221;0&#8243; global_colors_info=&#8221;{}&#8221; theme_builder_area=&#8221;post_content&#8221; sticky_enabled=&#8221;0&#8243;]<\/p>\n<p><strong>Zuhause oder andere neue oder alte R\u00e4ume<\/strong><\/p>\n<p>Manchmal ist es hilfreich, den Raum neu aufzuladen, Energien der Vergangenheit loszulassen und den Raum f\u00fcr einen Neuanfang freizumachen. Denken Sie daran, dass jeder Gedanke nicht nur in Ihrem K\u00f6rper ist. Wenn Sie m\u00f6chten, wird der Raum entladen und wird kristallklar.<\/p>\n<p><strong>Geburtstage<\/strong><\/p>\n<p>Es ist eine Gelegenheit, einen Geburtstag auf eine Art und Weise zu feiern, bei der eine andere Art von Intimit\u00e4t zwischen allen Anwesenden entstehen kann, was zu Freude und Gl\u00fcckseligkeit f\u00fchrt. Die Spannungen d\u00fcrfen abfallen, besonders bei unserem Geburtstagskandidaten. Es ist eine Kunst, sich auf all diese Liebe einzulassen und zu genie\u00dfen, f\u00fcr diesen einen Tag im Mittelpunkt zu stehen.<\/p>\n<p><strong>Hochzeit<\/strong><\/p>\n<p><span>Wenn Sie ein Bindungsritual mit oder ohne G\u00e4ste w\u00fcnschen, w\u00e4re es mir eine Ehre. Ich werde Zeuge eines Tanzes und eines Informationsaustausches zwischen zwei Seelen sein, w\u00e4hrend\nich auch mittanzen darf. Es gibt dieses Potential der scheinbaren Vollendung, des Ganzwerdens, des Feierns der Einheit, des Symbolisierens und des tats\u00e4chlichen Erlebens der Wiedervereinigung mit dem G\u00f6ttlichen. (Ein entsprechendes Ritual kann mit zwei beliebigen Familienmitgliedern oder Freunden oder sogar mit einer Person, mit der Sie Schwierigkeiten haben, durchgef\u00fchrt werden)<\/span><\/p>\n<p><strong>Neugeborenes<\/strong><\/p>\n<p>Dieses Ritual ist mein Favorit, denn es ist so unglaublich sch\u00f6n, ein neues Mitglied auf diesem Planeten willkommen zu hei\u00dfen, ein Baby, das noch so sehr in Kontakt mit seiner wahren Natur ist. Was f\u00fcr eine Freude und was f\u00fcr ein Segen.<\/p>\n<p><strong>Beerdigung<\/strong><\/p>\n<p>Es gibt ein Sprichwort: \"Wenn du stirbst, bevor du stirbst, wirst du nicht sterben, wenn du stirbst.\" Mit anderen Worten: Es gibt keinen Tod. Ich finde es so traurig, dass der Tod eines geliebten Menschen nur als Katastrophe gesehen wird. Nat\u00fcrlich ist der Schmerz \u00fcber den Verlust gro\u00df, und es ist sehr gesund, ihn ganz und gar zu sp\u00fcren, aber es gibt auch einen sehr freudigen Aspekt, die Wiedervereinigung mit der eigenen Natur, die Heimkehr. Darauf werde ich mich bei dieser Zeremonie konzentrieren. Auf diese Weise glaube ich, dass diese schwere und stagnierende Atmosph\u00e4re mit Lebendigkeit und neuer Bewegung bereichert werden kann. Und ein tiefes Verst\u00e4ndnis, dass nichts SCHLECHTES geschehen ist, sondern das Nat\u00fcrlichste. Schlie\u00dflich vielleicht die Bereitschaft, JA dazu zu sagen.<\/p>\n<p><strong>Party<\/strong><\/p>\n<p>Warum nicht eine Party mit einem Katalysator beginnen, einem Samen, der gleich zu Beginn gepflanzt wird, der alle Anwesenden ermutigen k\u00f6nnte, einander authentisch zu begegnen, mit Ehrlichkeit und Respekt und einem offenen Herzen und der Bereitschaft, das Leben tanzen zu lassen, im Vertrauen auf den Moment und all die M\u00f6glichkeiten, die auf jeden der Teilnehmer warten, um erf\u00fcllt zu werden. Mit dem Strom schwimmen, ohne Erwartungen, einfach nur sein.<\/p>\n<p>[\/et_pb_text][\/et_pb_column][\/et_pb_row][\/et_pb_section]<\/p>","protected":false},"excerpt":{"rendered":"<p>Home or other new or old spaces It is sometimes helpful, to recharge your space, releasing energies of the past and clearing the space for a new beginning. Remember, every thought is not only in your body. If you like, the room is being discharged and becomes crystal clear. Birthdays It is an opportunity to [&hellip;]<\/p>","protected":false},"author":1,"featured_media":0,"parent":0,"menu_order":0,"comment_status":"closed","ping_status":"closed","template":"","meta":{"_et_pb_use_builder":"on","_et_pb_old_content":"","_et_gb_content_width":"","_joinchat":[],"footnotes":""},"class_list":["post-1811","page","type-page","status-publish","hentry"],"_links":{"self":[{"href":"https:\/\/soundhealer.evangeliapitsou.com\/de\/wp-json\/wp\/v2\/pages\/1811","targetHints":{"allow":["GET"]}}],"collection":[{"href":"https:\/\/soundhealer.evangeliapitsou.com\/de\/wp-json\/wp\/v2\/pages"}],"about":[{"href":"https:\/\/soundhealer.evangeliapitsou.com\/de\/wp-json\/wp\/v2\/types\/page"}],"author":[{"embeddable":true,"href":"https:\/\/soundhealer.evangeliapitsou.com\/de\/wp-json\/wp\/v2\/users\/1"}],"replies":[{"embeddable":true,"href":"https:\/\/soundhealer.evangeliapitsou.com\/de\/wp-json\/wp\/v2\/comments?post=1811"}],"version-history":[{"count":11,"href":"https:\/\/soundhealer.evangeliapitsou.com\/de\/wp-json\/wp\/v2\/pages\/1811\/revisions"}],"predecessor-version":[{"id":2368,"href":"https:\/\/soundhealer.evangeliapitsou.com\/de\/wp-json\/wp\/v2\/pages\/1811\/revisions\/2368"}],"wp:attachment":[{"href":"https:\/\/soundhealer.evangeliapitsou.com\/de\/wp-json\/wp\/v2\/media?parent=1811"}],"curies":[{"name":"wp","href":"https:\/\/api.w.org\/{rel}","templated":true}]}}