{"id":1508,"date":"2022-11-18T22:11:45","date_gmt":"2022-11-18T20:11:45","guid":{"rendered":"https:\/\/soundhealer.artemis-media.de\/?page_id=1508"},"modified":"2025-02-25T17:21:15","modified_gmt":"2025-02-25T16:21:15","slug":"testimonials","status":"publish","type":"page","link":"https:\/\/soundhealer.evangeliapitsou.com\/de\/testimonials\/","title":{"rendered":"Teilnehmerberichte"},"content":{"rendered":"<p>[et_pb_section fb_built=&#8221;1&#8243; fullwidth=&#8221;on&#8221; _builder_version=&#8221;4.19.0&#8243; _module_preset=&#8221;default&#8221; global_colors_info=&#8221;{}&#8221;][et_pb_fullwidth_post_title meta=&#8221;off&#8221; text_color=&#8221;light&#8221; _builder_version=&#8221;4.19.0&#8243; _module_preset=&#8221;default&#8221; title_font=&#8221;Abel|700||on|||||&#8221; title_text_color=&#8221;#000000&#8243; title_font_size=&#8221;32px&#8221; background_color=&#8221;RGBA(255,255,255,0)&#8221; background_enable_image=&#8221;off&#8221; text_orientation=&#8221;center&#8221; custom_margin=&#8221;||||false|false&#8221; custom_padding=&#8221;||||false|false&#8221; border_style_all=&#8221;dotted&#8221; border_color_bottom=&#8221;#000000&#8243; global_colors_info=&#8221;{}&#8221;][\/et_pb_fullwidth_post_title][\/et_pb_section][et_pb_section fb_built=&#8221;1&#8243; admin_label=&#8221;section&#8221; _builder_version=&#8221;4.19.1&#8243; global_colors_info=&#8221;{}&#8221;][et_pb_row admin_label=&#8221;row&#8221; _builder_version=&#8221;4.19.0&#8243; background_size=&#8221;initial&#8221; background_position=&#8221;top_left&#8221; background_repeat=&#8221;repeat&#8221; global_colors_info=&#8221;{}&#8221;][et_pb_column type=&#8221;4_4&#8243; _builder_version=&#8221;4.19.0&#8243; custom_padding=&#8221;|||&#8221; global_colors_info=&#8221;{}&#8221; custom_padding__hover=&#8221;|||&#8221;][et_pb_text _builder_version=&#8221;4.19.1&#8243; _module_preset=&#8221;default&#8221; global_colors_info=&#8221;{}&#8221;]<\/p>\n<p><strong>Die Insel mit ihrer Ruhe und Sch\u00f6nheit<\/strong>, kombiniert mit der Gemeinschaft mit Evangelia, haben mir unendlich gutgetan.Die Stille, die Pr\u00e4senz von Evangelia, ihr Wohlwollen und ihre Wertsch\u00e4tzung, ihre heiligen Ges\u00e4nge und Behandlung haben mich unterst\u00fctzt, ganz bei mir anzukommen, meinen ureigenen Rhythmus (wieder) zu finden und mich zu erinnern, wer ich wirklich bin, wie ich gemeint bin.<br \/><em>Elen<\/em><\/p>\n<p><strong>Evangelias Gesang hat mich w\u00e4hrend der Schwangerschaft enorm beruhigt und geerdet<\/strong>. Seit mein Kind auf der Welt ist, Summe ich ihm eine Melodie ihres Gesanges vor- nichts beruhigt das Kind besser. Ich werde Evangelia in jedem Fall bei einer weiteren Schwangerschaft wieder konsultieren!\nBerenike<br \/><em>Berenike<\/em><\/p>\n<p><strong>\"Als ich zu Evangelias \"Herzritual\" ging<\/strong>, wusste ich nur, dass sie Kl\u00e4nge empf\u00e4ngt und singt. Was mir nicht klar war, ist, dass sie f\u00fcr jeden Menschen ganz individuell passende Kl\u00e4nge empf\u00e4ngt! Diese T\u00f6ne haben mich schnell und tief ber\u00fchrt. In der Meditation \u00f6ffnet sie R\u00e4ume f\u00fcr ebenfalls individuelle Ereignisse. Mir haben sich mehrere Engel\/Wesen gezeigt, von denen mich einer besonders angezogen hat und ich habe ihn nach seinem Namen gefragt. Er hat mir geantwortet. Seitdem spielen Engel eine viel gr\u00f6\u00dfere Rolle in meinem Leben und ich nutze sie auf eine neue und viel umfassendere Art. Danke, Evangelia!\"<br \/><em>Susanne<\/em><\/p>\n<p><strong>Was mir bei der ersten Begegnung mit Evangelia dann gleich gefiel<\/strong> war ihre ganz nat\u00fcrlich Art sie selbst zu sein, ganz ohne aufgebl\u00e4htes Gehabe jetzt super spirituell wirken zu m\u00fcssen.So gab ich mich dem Prozess auch ganz hin und erlaubte geschehen zu lassen, was sich eben von sich aus zeigen w\u00fcrde. Dieses Loslassen aller Beklemmungen geschah dann auch v\u00f6llig nat\u00fcrlich. Ich sp\u00fcrte erst, wie angespannt ich doch im Herzen war, um dann im gleichen Augenblick alles Krampfende aufzul\u00f6sen. Mit jedem folgenden Atemzug versuchte ich die mir bekannten Grenzen zu erreichen. Doch da waren keine mehr. Es ging ganz leicht. Ich konnte so tief einatmen wie ich wollte, es lie\u00df sich einfach keine Enge in meinem Herzen feststellen. Wow, einfach wow.Jetzt, Wochen danach ist geblieben, dass ich dieses freie Gef\u00fchl immer noch mit mir trage. Es zeigt sich im Alltag deutlich, durch meine gel\u00f6ste Art im Umgang mit anderen Menschen und dem Umsetzen meiner Pl\u00e4nen. Danke dir, Evangelia, f\u00fcr deinen Dienst.<br \/><em>Holger<\/em><\/p>\n<p><strong>Liebe Evangelia<\/strong>, aus tiefstem Herzen sage ich danke f\u00fcr dein wundervolles Herzritual.\naus tiefstem Herzen sage ich danke f\u00fcr dein wundervolles Herzritual. Mit heilsamen Kl\u00e4ngen f\u00fchrt Evangelia dich auf eine magische Reise - tief ins Universum und ganz zur\u00fcck an deine Ur-Essenz, die sich auftut wie ein klarer Bergsee im goldenen Licht des Sch\u00f6pfers. Ein Ort der Stille, der Heilung und der g\u00f6ttlichen Pr\u00e4senz. Eine uralte, heilige Energie entsteht \u2013 die des Eins-Seins, der Verbundenheit und der Liebe f\u00fcr alles, was ist. Es ist so tief ber\u00fchrend, welche Heilung in diesem Moment entsteht. \nDANKE f\u00fcr dich, f\u00fcr dein Sein und dein Wirken hier auf der Erde. Sei gesegnet. Namaste.<br \/><em>Gianna<\/em><\/p>\n<p><strong>Dein herzlicher Empfang hat meine Aufregung schnell schwinden lassen<\/strong>. Ohne auch nur eine genaue  Idee zu Deinem heilsamen Angebot zu haben, war es angenehm leicht mich auf Deine Stimme und das dann folgende Heilritual einzulassen. Wie ein Segen empfinde ich all das,  was ich bei Dir erfahren und erleben durfte. Es wirkt so nachhaltig und st\u00e4rkend.\nMeine Entscheidung mich von unguten Menschen mehr und mehr zu l\u00f6sen, gerade im beruflichen Kontext ist getroffen.<br \/>Es f\u00fchlt sich gut und richtig an.\nEs ist als k\u00f6nne mein Herz freier entscheiden und gleichzeitig viel mehr Raum einnehmen. \nDein ritueller Gesang wirkte irgendwie vertraut auf mich. Die gesamte Zeit mit Dir bleibt mir auf wundervolle Art und Weise im Herzen erhalten. Eine sehr sch\u00f6ne Erfahrung! \nHerzensdank daf\u00fcr, Du wunderbarer Mensch.<br \/><em>Kerstin<\/em><\/p>\n<p><strong>Ich bin immer noch zu tiefst ber\u00fchrt von dieser wundervollen Stimme<\/strong>. Ich war so nah in Kontakt mit meiner Seele, wie ich es zuvor noch nicht erlebt habe. Ein herzliches Danke nochmal, liebe Evangelia!<br \/><em>Melanie<\/em><\/p>\n<p><strong>\"Evangelias Heilarbeit ist sehr wohltuend und von ihr besungen zu werden ein wundersch\u00f6nes Erlebnis<\/strong>. Ihre ganz eigenen, archaisch anmutenden Ges\u00e4nge und Gebete sind so wahr, hingebungsvoll und verbunden mit dem G\u00f6ttlichen... Ich f\u00fchlte mich jedes mal tief ber\u00fchrt, bereichert und beschenkt.\"<br \/><em>Peter<\/em><\/p>\n<p><strong>Ich bin ein sehr experimentierfreudiger Mensch<\/strong> und deshalb ist es mir auch ganz leicht gefallen mich auf die unbekannte Session von Evangelia  einzulassen. Ich f\u00fchlte mich augenblicklich sicher und sehr frei in meinem Ausdruck. Sie strahlt W\u00e4rme, Zuversicht und eine Art Verspieltheit aus, an die ich mich gerne angeschlossen habe. ich k\u00f6nnte im nachhinein gar nicht mehr im Detail schildern, was in dieser Stunde alles geschehen ist. ich f\u00fchlte mich getragen, gesehen und ber\u00fchrt.Es gelingt Ihr wunderbar eine sehr intime und vertraute Atmosph\u00e4re zu schaffen.\u201d<br \/>DANKE.<br \/><em>Petra<\/em><\/p>\n<p><strong>Ich habe mich von Beginn an sehr wohl mit dir gef\u00fchlt<\/strong>. Deine Ausstrahlung ist sanft, freundlich und friedvoll. Obwohl ich nicht wusste, was auf mich zu kommen wird, so hatte ich dennoch sofort ein Gef\u00fchl des \"hier bin ich richtig, hier kann ich mich fallen lassen, ich bin hier sicher und gut aufgehoben\". Auf dieser Basis konntest du mich einladen und ermutigen, meine magische Reise anzutreten, eine Reise, wie ich sie noch nie zuvor erlebt habe. Mein ganzer K\u00f6rper war sehr schnell v\u00f6llig entspannt. Alles war sehr hell um mich, obwohl meine Augen die meiste Zeit geschlossen waren.<\/p>\n<div class=\"\">Es war eine gef\u00fchrte Reise zu mir, zu meiner wahren Essenz. Du hast mich aufmerksam angeleitet, Dinge loszulassen, sie einfach ziehen zu lassen. Durch deine Stimme, deinen Gesang, so ber\u00fchrt, all die vollen T\u00f6ne resonierten stark in mir, wie in einer Klangschale. Welch ein unvergessliches Erlebnis, vielen Dank. Vielen Dank f\u00fcr diese geschenk, f\u00fcr deine Liebe und Aufmerksamkeit, f\u00fcr das wunderbare Geschick, den Raum f\u00fcr mich und meine Energie zu halten, sodass sie sich voll ausdehnen konnte. Dieses Gef\u00fchl der Leichtigkeit und Fokussierung klang noch sehr lange in mir nach. Es ist so ein unbeschreibliches und zugleich wunderbares Gef\u00fchl, voll bei sich zu sein und seine urspr\u00fcngliche Energie wiederzuentdecken. Welch ein Reichtum.<br \/><em>Svenja<\/em><\/div>\n<div class=\"\"><em><\/em><\/div>\n<div class=\"\"><em>\u00a0<\/em><\/div>\n<div class=\"\">\n<p><em> <\/em><em><\/em><\/p>\n<\/div>\n<div class=\"\"><em><\/em><\/div>\n<div class=\"\"><em><\/em><\/div>\n<div class=\"\"><\/div>\n<div class=\"\"><strong>Dich zu erleben wie Du die Kl\u00e4nge<\/strong> die aus Dir kommen, mit so einer Selbstverst\u00e4ndlichkeit und mit solcher St\u00e4rke in den Raum\ngibst, war f\u00fcr mich ein gro\u00dfes Erlebnis. Ich hatte in keinem Moment das Gef\u00fchl, dass es dabei um Deine pers\u00f6nlichen Gef\u00fchle geht.\nDu warst in diesem Augenblick f\u00fcr mich  nur eine Verk\u00f6rperung eines Allgemeinen:\nein gro\u00dfes Spektrum, eine Vielfalt des Seins\nJetzt -  in diesem Moment, da ich wirklich versuche, genau zu fassen, was ich erlebt habe - wird mir klar, dass Du  ein Spektrum artikuliert hast,\ndas ohne jede b\u00f6se Absicht, jedes negative Denken, jeden Zorn, Zorn, Angst oder Verzweiflung  existiert\nIch hatte w\u00e4hrend deines Gesangs die Augen geschlossen, hab sie nur  manchmal \u00f6ffnen m\u00fcssen oder wollen. Vielleicht weil du  f\u00fcr mich in diesem\nAugenblick ein Wunder warst.<\/div>\n<div class=\"\"><em>Gitte<\/em><\/div>\n<p>[\/et_pb_text][et_pb_text _builder_version=&#8221;4.19.1&#8243; _module_preset=&#8221;default&#8221; custom_padding=&#8221;||3px|||&#8221; global_colors_info=&#8221;{}&#8221;]<\/p>\n<p>&nbsp;<\/p>\n<div class=\"gwolle-gb\">\n<div class=\"gwolle_gb_messages_top_container\"><\/div>\n<form class=\"gwolle-gb-write gwolle-gb-hide gwolle-gb-float gwolle_gb_form_ajax gwolle-gb-form-ajax gwolle-gb-ajax gwolle-gb-logged-in\" action=\"#\" method=\"POST\" data-trp-original-action=\"#\">\n<h3>Schreibe einen neuen Eintrag f\u00fcr unser G\u00e4stebuch<\/h3>\n<p><input class=\"gwolle_gb_function\" name=\"gwolle_gb_function\" type=\"hidden\" value=\"add_entry\" \/><input class=\"gwolle_gb_book_id\" name=\"gwolle_gb_book_id\" type=\"hidden\" value=\"1\" \/><\/p>\n<div class=\"gwolle_gb_b54a3d3896120ded220371973f26d918\">\n<div class=\"label\"><label class=\"text-info\" for=\"gwolle_gb_b54a3d3896120ded220371973f26d918\">Name <span class=\"required\">*<\/span><\/label><\/div>\n<div class=\"input\"><input class=\"wp-exclude-emoji gwolle_gb_b54a3d3896120ded220371973f26d918\" name=\"gwolle_gb_b54a3d3896120ded220371973f26d918\" required=\"\" type=\"text\" value=\"\" \/><\/div>\n<div class=\"clearBoth\"><\/div>\n<\/div>\n<div class=\"gwolle_gb_c9c2ee10ddb7890c59d54e5cb2228211\">\n<div class=\"label\"><label class=\"text-info\" for=\"gwolle_gb_c9c2ee10ddb7890c59d54e5cb2228211\">E-Mail<\/label><\/div>\n<div class=\"input\"><input class=\"gwolle_gb_c9c2ee10ddb7890c59d54e5cb2228211\" name=\"gwolle_gb_c9c2ee10ddb7890c59d54e5cb2228211\" type=\"email\" value=\"\" \/><\/div>\n<div class=\"clearBoth\"><\/div>\n<\/div>\n<div class=\"gwolle_gb_0526792a0cbb8365cdfc9bffc2f62152\" style=\"display: none;\">\n<div class=\"label\"><label class=\"text-primary\" for=\"gwolle_gb_0526792a0cbb8365cdfc9bffc2f62152\">Hier nichts eingeben<\/label> <label class=\"text-primary\" for=\"gwolle_gb_0641125f19e50b308b21cbfbf45870c5\">Hier nichts eingeben<\/label><\/div>\n<div class=\"input\"><input class=\"gwolle_gb_0526792a0cbb8365cdfc9bffc2f62152\" name=\"gwolle_gb_0526792a0cbb8365cdfc9bffc2f62152\" type=\"text\" value=\"90\" \/> <input class=\"gwolle_gb_0641125f19e50b308b21cbfbf45870c5\" name=\"gwolle_gb_0641125f19e50b308b21cbfbf45870c5\" type=\"text\" value=\"\" \/><\/div>\n<div class=\"clearBoth\"><\/div>\n<\/div>\n<div class=\"gwolle_gb_dd00fe24c743af166fcabef9c29a9bd4\" style=\"display: none;\">\n<div class=\"label\"><label class=\"text-primary\" for=\"gwolle_gb_dd00fe24c743af166fcabef9c29a9bd4\">Hier nichts eingeben<\/label> <label class=\"text-primary\" for=\"gwolle_gb_d5b4c8416f7c1793e6dc08d53808bab4\">Hier nichts eingeben<\/label><\/div>\n<div class=\"input\"><input class=\"gwolle_gb_dd00fe24c743af166fcabef9c29a9bd4\" name=\"gwolle_gb_dd00fe24c743af166fcabef9c29a9bd4\" type=\"text\" value=\"94097\" \/> <input class=\"gwolle_gb_d5b4c8416f7c1793e6dc08d53808bab4\" name=\"gwolle_gb_d5b4c8416f7c1793e6dc08d53808bab4\" type=\"text\" value=\"94097\" \/><\/div>\n<div class=\"clearBoth\"><\/div>\n<\/div>\n<div class=\"gwolle_gb_content\">\n<div class=\"label\"><label class=\"text-info\" for=\"gwolle_gb_content\">G\u00e4stebucheintrag <span class=\"required\">*<\/span><\/label><\/div>\n<div class=\"input\"><textarea class=\"gwolle_gb_content wp-exclude-emoji\" name=\"gwolle_gb_content\" required=\"\" style=\"width: 380px; height: 76px;\"><\/textarea><\/div>\n<div class=\"clearBoth\"><\/div>\n<\/div>\n<p><input class=\"gwolle_gb_bfab6b0cc7905f6b40abd52e0b2d2f7a\" name=\"gwolle_gb_bfab6b0cc7905f6b40abd52e0b2d2f7a\" type=\"hidden\" value=\"8f66c2433a\" \/><\/p>\n<div class=\"gwolle_gb_messages_bottom_container\"><\/div>\n<p><noscript><\/p>\n<div class=\"no-js\">Warnung: Dieses Formular kann nur verwendet werden, wenn in deinem Browser JavaScript aktiviert ist.<\/div>\n<p><\/noscript><\/p>\n<div class=\"gwolle_gb_submit\">\n<div class=\"label gwolle-gb-invisible text-muted\"><\/div>\n<div class=\"input\"><input class=\"gwolle_gb_submit button btn btn-primary\" name=\"gwolle_gb_submit\" type=\"submit\" value=\"abschicken\" \/><\/div>\n<div class=\"clearBoth\"><\/div>\n<div class=\"clearBoth\">Felder die mit * verzeichnet sind, bitte ausf\u00fcllen.<\/div>\n<\/div>\n<div class=\"gwolle_gb_notice\">Deine E-Mail-Adresse wird nicht ver\u00f6ffentlicht.<br \/>Es kann sein, dass Dein Eintrag erst nach unserem durchchecken im G\u00e4stebuch sichtbar wird.<br \/>Wir behalten uns das Recht vor, Eintr\u00e4ge zu bearbeiten, zu l\u00f6schen oder nicht zu ver\u00f6ffentlichen.<\/div>\n<input type=\"hidden\" name=\"trp-form-language\" value=\"de\"\/><\/form>\n<div class=\"gwolle-gb-read gwolle-gb-ajax gwolle-gb-entries-list\" data-book_id=\"1\"><\/div>\n<\/div>\n<p>&nbsp;<\/p>\n<p>[\/et_pb_text][\/et_pb_column][\/et_pb_row][\/et_pb_section]<\/p>","protected":false},"excerpt":{"rendered":"<p>The island with its peace and beauty, combined with the community with Evangelia, have done me immense good. The silence, the presence of Evangelia, her benevolence and appreciation, her sacred chants and treatment have supported me to arrive fully with myself, to (re)find my very own rhythm and to remember who I really am, how [&hellip;]<\/p>","protected":false},"author":1,"featured_media":0,"parent":0,"menu_order":0,"comment_status":"open","ping_status":"closed","template":"","meta":{"_et_pb_use_builder":"on","_et_pb_old_content":"","_et_gb_content_width":"","_joinchat":[],"footnotes":""},"class_list":["post-1508","page","type-page","status-publish","hentry"],"_links":{"self":[{"href":"https:\/\/soundhealer.evangeliapitsou.com\/de\/wp-json\/wp\/v2\/pages\/1508","targetHints":{"allow":["GET"]}}],"collection":[{"href":"https:\/\/soundhealer.evangeliapitsou.com\/de\/wp-json\/wp\/v2\/pages"}],"about":[{"href":"https:\/\/soundhealer.evangeliapitsou.com\/de\/wp-json\/wp\/v2\/types\/page"}],"author":[{"embeddable":true,"href":"https:\/\/soundhealer.evangeliapitsou.com\/de\/wp-json\/wp\/v2\/users\/1"}],"replies":[{"embeddable":true,"href":"https:\/\/soundhealer.evangeliapitsou.com\/de\/wp-json\/wp\/v2\/comments?post=1508"}],"version-history":[{"count":10,"href":"https:\/\/soundhealer.evangeliapitsou.com\/de\/wp-json\/wp\/v2\/pages\/1508\/revisions"}],"predecessor-version":[{"id":2379,"href":"https:\/\/soundhealer.evangeliapitsou.com\/de\/wp-json\/wp\/v2\/pages\/1508\/revisions\/2379"}],"wp:attachment":[{"href":"https:\/\/soundhealer.evangeliapitsou.com\/de\/wp-json\/wp\/v2\/media?parent=1508"}],"curies":[{"name":"wp","href":"https:\/\/api.w.org\/{rel}","templated":true}]}}