{"id":1503,"date":"2022-11-18T22:03:04","date_gmt":"2022-11-18T20:03:04","guid":{"rendered":"https:\/\/soundhealer.artemis-media.de\/?page_id=1503"},"modified":"2025-07-07T13:30:49","modified_gmt":"2025-07-07T11:30:49","slug":"upcoming-events","status":"publish","type":"page","link":"https:\/\/soundhealer.evangeliapitsou.com\/de\/upcoming-events\/","title":{"rendered":"Kommende Events"},"content":{"rendered":"<p>[et_pb_section fb_built=&#8221;1&#8243; fullwidth=&#8221;on&#8221; _builder_version=&#8221;4.19.0&#8243; _module_preset=&#8221;default&#8221; global_colors_info=&#8221;{}&#8221; theme_builder_area=&#8221;post_content&#8221;][et_pb_fullwidth_image src=&#8221;https:\/\/soundhealer.evangeliapitsou.com\/wp-content\/uploads\/2024\/09\/healing-soud-scaled.jpeg&#8221; title_text=&#8221;healing soud&#8221; _builder_version=&#8221;4.19.1&#8243; _module_preset=&#8221;default&#8221; background_color=&#8221;RGBA(255,255,255,0)&#8221; custom_margin=&#8221;||-25px||false|false&#8221; custom_padding=&#8221;||||false|false&#8221; global_colors_info=&#8221;{}&#8221; theme_builder_area=&#8221;post_content&#8221;][\/et_pb_fullwidth_image][et_pb_fullwidth_post_title meta=&#8221;off&#8221; text_color=&#8221;light&#8221; _builder_version=&#8221;4.19.0&#8243; _module_preset=&#8221;default&#8221; title_font=&#8221;Abel|700||on|||||&#8221; title_text_color=&#8221;#5200ff&#8221; title_font_size=&#8221;32px&#8221; background_color=&#8221;#5200ff&#8221; background_enable_image=&#8221;off&#8221; text_orientation=&#8221;center&#8221; height=&#8221;167px&#8221; custom_margin=&#8221;||||false|false&#8221; custom_padding=&#8221;||||false|false&#8221; border_style_all=&#8221;dotted&#8221; border_color_bottom=&#8221;#000000&#8243; global_colors_info=&#8221;{}&#8221; theme_builder_area=&#8221;post_content&#8221;][\/et_pb_fullwidth_post_title][et_pb_fullwidth_post_title meta=&#8221;off&#8221; text_color=&#8221;light&#8221; _builder_version=&#8221;4.19.0&#8243; _module_preset=&#8221;default&#8221; title_font=&#8221;Abel|700||on|||||&#8221; title_text_color=&#8221;#000000&#8243; title_font_size=&#8221;32px&#8221; background_color=&#8221;RGBA(255,255,255,0)&#8221; background_enable_image=&#8221;off&#8221; text_orientation=&#8221;center&#8221; custom_margin=&#8221;||||false|false&#8221; custom_padding=&#8221;||||false|false&#8221; border_style_all=&#8221;dotted&#8221; border_color_bottom=&#8221;#000000&#8243; global_colors_info=&#8221;{}&#8221; theme_builder_area=&#8221;post_content&#8221;][\/et_pb_fullwidth_post_title][\/et_pb_section][et_pb_section fb_built=&#8221;1&#8243; admin_label=&#8221;section&#8221; _builder_version=&#8221;4.19.1&#8243; global_colors_info=&#8221;{}&#8221; theme_builder_area=&#8221;post_content&#8221;][et_pb_row admin_label=&#8221;row&#8221; _builder_version=&#8221;4.16&#8243; background_size=&#8221;initial&#8221; background_position=&#8221;top_left&#8221; background_repeat=&#8221;repeat&#8221; global_colors_info=&#8221;{}&#8221; theme_builder_area=&#8221;post_content&#8221;][et_pb_column type=&#8221;4_4&#8243; _builder_version=&#8221;4.16&#8243; custom_padding=&#8221;|||&#8221; global_colors_info=&#8221;{}&#8221; custom_padding__hover=&#8221;|||&#8221; theme_builder_area=&#8221;post_content&#8221;][et_pb_text _builder_version=&#8221;4.19.1&#8243; _module_preset=&#8221;default&#8221; header_text_color=&#8221;#000000&#8243; header_2_text_color=&#8221;#7CDA24&#8243; header_3_text_color=&#8221;#7CDA24&#8243; global_colors_info=&#8221;{}&#8221; theme_builder_area=&#8221;post_content&#8221;]<\/p>\n<h2 style=\"text-align: center;\"><strong><\/strong><\/h2>\n<h2 style=\"text-align: center;\"><strong>BERLIN<\/strong><\/h2>\n<p>[\/et_pb_text][et_pb_image src=&#8221;https:\/\/soundhealer.evangeliapitsou.com\/wp-content\/uploads\/2025\/07\/Berlin-Archaic-opening-of-the-heart.png&#8221; title_text=&#8221;Berlin Archaic-opening-of-the-heart&#8221; align=&#8221;center&#8221; _builder_version=&#8221;4.19.1&#8243; _module_preset=&#8221;default&#8221; height=&#8221;300px&#8221; hover_enabled=&#8221;0&#8243; global_colors_info=&#8221;{}&#8221; theme_builder_area=&#8221;post_content&#8221; custom_padding=&#8221;||30px||false|false&#8221; sticky_enabled=&#8221;0&#8243;][\/et_pb_image][et_pb_text _builder_version=&#8221;4.19.1&#8243; _module_preset=&#8221;default&#8221; text_text_color=&#8221;#000000&#8243; link_text_color=&#8221;#0C71C3&#8243; header_3_font=&#8221;|700|||||||&#8221; header_3_text_color=&#8221;#7CDA24&#8243; header_4_text_color=&#8221;#E02B20&#8243; header_4_font_size=&#8221;22px&#8221; global_colors_info=&#8221;{}&#8221; text_text_color__hover_enabled=&#8221;on|desktop&#8221; text_text_color__hover=&#8221;#000000&#8243; link_text_color__hover_enabled=&#8221;on|hover&#8221; link_text_color__hover=&#8221;#8300E9&#8243; theme_builder_area=&#8221;post_content&#8221;]<\/p>\n<h4>Griechisches Archaisches Herzritual<\/h4>\n<p><strong>HEILE-HAUS<\/strong><br \/>10. August 2025 von 12 - 14 Uhr<br \/><a href=\"https:\/\/soundhealer.evangeliapitsou.com\/de\/sessions\/#greek-archaic-heartopening\">https:\/\/soundhealer.evangeliapitsou.com\/sessions\/#greek-archaic-heartopening<\/a><br \/>Es ist auch eine sehr gute Gelegenheit, einen Vorgeschmack zu bekommen und sich vielleicht inspirieren zu lassen, in die Tiefe zu tauchen und am neuen Projekt auf Kreta teilzunehmen........<br \/>Heile-Haus Waldemarstra\u00dfe 36, 10999 Berlin-Kreuzberg<br \/>Dieses Treffen ist auf Spendenbasis (sliding scale) 15- 55 \u20ac<br \/>Wenn Du teilnehmen m\u00f6chtest, informiere mich bitte <a href=\"https:\/\/soundhealer.evangeliapitsou.com\/de\/contact\">HIER<\/a><\/p>\n<p><strong>AGAPE-ZOE FESTIVAL<\/strong><br \/>September 20 and 21<br \/><a href=\"https:\/\/agapezoe.com\/artist-evangelia-pitsou\">https:\/\/agapezoe.com\/artist-evangelia-pitsou<\/a><\/p>\n<p>&nbsp;<\/p>\n<p>&nbsp;<\/p>\n<p>&nbsp;<\/p>\n<p>[\/et_pb_text][et_pb_text _builder_version=&#8221;4.19.1&#8243; _module_preset=&#8221;default&#8221; header_text_color=&#8221;#000000&#8243; header_2_text_color=&#8221;#7CDA24&#8243; header_3_text_color=&#8221;#7CDA24&#8243; global_colors_info=&#8221;{}&#8221; theme_builder_area=&#8221;post_content&#8221;]<\/p>\n<h2 style=\"text-align: center;\"><strong><\/strong><\/h2>\n<h2 style=\"text-align: center;\"><strong>KRETA<\/strong><\/h2>\n<p>[\/et_pb_text][et_pb_image src=&#8221;https:\/\/soundhealer.evangeliapitsou.com\/wp-content\/uploads\/2025\/07\/Creta-Archaic-opening-of-the-heart.png&#8221; title_text=&#8221;Creta Archaic-opening-of-the-heart&#8221; align=&#8221;center&#8221; _builder_version=&#8221;4.19.1&#8243; _module_preset=&#8221;default&#8221; height=&#8221;300px&#8221; hover_enabled=&#8221;0&#8243; global_colors_info=&#8221;{}&#8221; theme_builder_area=&#8221;post_content&#8221; custom_padding=&#8221;||30px||false|false&#8221; sticky_enabled=&#8221;0&#8243;][\/et_pb_image][et_pb_text _builder_version=&#8221;4.19.1&#8243; _module_preset=&#8221;default&#8221; text_text_color=&#8221;#000000&#8243; link_text_color=&#8221;#0C71C3&#8243; header_3_font=&#8221;|700|||||||&#8221; header_3_text_color=&#8221;#7CDA24&#8243; header_4_text_color=&#8221;#E02B20&#8243; header_4_font_size=&#8221;22px&#8221; global_colors_info=&#8221;{}&#8221; text_text_color__hover=&#8221;#000000&#8243; text_text_color__hover_enabled=&#8221;on|desktop&#8221; link_text_color__hover=&#8221;#8300E9&#8243; link_text_color__hover_enabled=&#8221;on|hover&#8221; theme_builder_area=&#8221;post_content&#8221;]<\/p>\n<h4>Intensive RETREAT<\/h4>\n<p><strong>Southen &#8211; Crete Lendas<\/strong><br \/>DATE: September 25th &#8211; October 16th<br \/>Einzelworkshops (max. 3 Personen), die jeweils f\u00fcr eine Woche oder l\u00e4nger gebucht werden k\u00f6nnen.\nDer Fokus ist unsere Ausrichtung ganz im Hier und Jetzt zu haben, pr\u00e4sent zu werden und zu bleiben, nicht nur w\u00e4hrend der Meditation, sondern auch bei all unseren Aktivit\u00e4ten und Interaktionen. Wir haben alle Elemente, um uns zu unterst\u00fctzen: Wind - um unsere Aufmerksamkeit von unseren Gedanken wegzublasen, Feuer - um unser Herz zu erw\u00e4rmen, bereit f\u00fcr die Transformation, Wasser - um unsere Einweihung vorzubereiten und unser Herz und unseren K\u00f6rper zu erweichen, ein Tropfen im Ozean zu werden, wo fangen wir an und wo h\u00f6ren wir auf? Und nicht zuletzt Mutter Erde - unser vor\u00fcbergehendes Zuhause, das unsere Verbindung erm\u00f6glicht, indem es uns mit starken Wurzeln versieht, wenn wir bereit daf\u00fcr sind......., so dass sich unser heiliger K\u00f6rper wie ein wunderbarer Tempel anf\u00fchlt, lebendig, wachsam und wohlwollend, vertrauensvoll in alles, was das Leben uns beschert.<br \/>The aim of these meetings is to become and to stay present, in the here and now, not only while meditating, but during all your activities and interactions. We have all the elements to support us: wind &#8211; to blow our attention away from our thoughts, fire &#8211; to heat our heart ready for transformation, water &#8211; to prepare our initiation and to soften our heart and body to become a drop in the Ocean, where do we start or end? And last but not least mother earth &#8211; our temporary home, facilitating our connection by providing us with strong roots if we&#8217;re ready for it \u2026\u2026. so our sacred body feels like a wonderful temple &#8211; alive, vigilant and benevolent, trusting in whatever life is offering us.<br \/>Feuerzeremonie, ozeanischer Bliss, Nachtschwimmen, Dialog mit Wasserh\u00f6hlen, Entdeckung Deiner eigenen Kl\u00e4nge, Nullpunkt-Erlebnis, Eye Gazing, Tanz mit den Wellen und vieles mehr......<br \/>Du kannst sogar eine EREMITEN-Woche daraus machen, wenn du m\u00f6chtest. Bitte informiere Dich dar\u00fcber auf meiner Website<br \/><a href=\"https:\/\/soundhealer.evangeliapitsou.com\/de\/hydra-island\/#crete\">https:\/\/soundhealer.evangeliapitsou.com\/hydra-island\/#crete<\/a><br \/>Da es wenige Pl\u00e4tze gibt, nehme ich die ersten, die sich anmelden. Zimmer im Voraus buchen, wenn ihr nicht in einem Zelt kommen wollt, also je fr\u00fcher desto besser.<br \/>Wenn Du teilnehmen m\u00f6chtest, informiere mich bitte <a href=\"https:\/\/soundhealer.evangeliapitsou.com\/de\/contact\/\">HIER<\/a> damit wir gemeinsam herausfinden k\u00f6nnen, was f\u00fcr Dich am besten ist.<\/p>\n<p>&nbsp;<\/p>\n<h4>RETREAT Hier ist die Zeit stehengeblieben \u2026\u2026<\/h4>\n<p><strong>Ort:Agios Pavlos<\/strong><br \/>DATE: November 1st-6th<br \/>Max.15 Teilnehmer<br \/>Es geht immer nur um das eine\u2026\u2026\u2026\u2026.. Pr\u00e4senz.<br \/>Wenn Du noch Fragen hast oder teilnehmen m\u00f6chtest, informiere mich bitte <a href=\"https:\/\/soundhealer.evangeliapitsou.com\/de\/contact\">HIER<\/a><\/p>\n<p>&nbsp;<\/p>\n<p>&nbsp;<\/p>\n<p>[\/et_pb_text][et_pb_text _builder_version=&#8221;4.19.1&#8243; _module_preset=&#8221;default&#8221; header_text_color=&#8221;#000000&#8243; header_2_text_color=&#8221;#7CDA24&#8243; header_3_text_color=&#8221;#7CDA24&#8243; global_colors_info=&#8221;{}&#8221; theme_builder_area=&#8221;post_content&#8221;]<\/p>\n<h2 style=\"text-align: center;\"><strong><\/strong><\/h2>\n<h2 style=\"text-align: center;\"><strong>ONLINE<\/strong><\/h2>\n<p>[\/et_pb_text][et_pb_image src=&#8221;https:\/\/soundhealer.evangeliapitsou.com\/wp-content\/uploads\/2025\/07\/Evangelia-online.jpeg&#8221; title_text=&#8221;Evangelia online&#8221; align=&#8221;center&#8221; _builder_version=&#8221;4.19.1&#8243; _module_preset=&#8221;default&#8221; height=&#8221;300px&#8221; custom_padding=&#8221;||30px||false|false&#8221; hover_enabled=&#8221;0&#8243; global_colors_info=&#8221;{}&#8221; theme_builder_area=&#8221;post_content&#8221; sticky_enabled=&#8221;0&#8243;][\/et_pb_image][et_pb_text _builder_version=&#8221;4.19.1&#8243; _module_preset=&#8221;default&#8221; text_text_color=&#8221;#000000&#8243; link_text_color=&#8221;#0C71C3&#8243; header_3_font=&#8221;|700|||||||&#8221; header_3_text_color=&#8221;#7CDA24&#8243; header_4_text_color=&#8221;#E02B20&#8243; header_4_font_size=&#8221;22px&#8221; global_colors_info=&#8221;{}&#8221; text_text_color__hover=&#8221;#000000&#8243; text_text_color__hover_enabled=&#8221;on|desktop&#8221; link_text_color__hover=&#8221;#8300E9&#8243; link_text_color__hover_enabled=&#8221;on|hover&#8221; theme_builder_area=&#8221;post_content&#8221;]<\/p>\n<h4>Griechisches Archaisches Herzritual<\/h4>\n<p>&nbsp;<\/p>\n<p><strong>Am 9. August, einem Samstag um 11:00 Uhr, geht es mit den Zoom Meetings weiter.<\/strong><br \/>Am 9. August, einem Samstag um 11:00 Uhr, geht es mit den Zoom Meetings weiter. Beim Griechischen Archaischen Herzritual geht es wie immer um die \u00d6ffnung des grossen, zeitlosen Herzens, etwas, das nur geschehen kann, wir aber nicht machen k\u00f6nnen, au\u00dfer ganz auf diesen Moment ausgerichtet zu sein und uns dem Fluss des Lebens v\u00f6llig hinzugeben. Diesmal ist der Fokus etwas mehr auf unserem innersten absolut \"Leeren Kern\u201c, leeren Raum, ohne Zentrum gerichtet, ein Paradox \u2026..Stille\u2026\u2026Dauer allerh\u00f6chstens  1,5 Stunden.\u23f3 Das Meeting ist auf Spendenbasis. Wenn Du teilnehmen m\u00f6chtest, informiere mich bitte <a href=\"https:\/\/soundhealer.evangeliapitsou.com\/de\/contact\">HIER<\/a><\/p>\n<p>&nbsp;<\/p>\n<p>[\/et_pb_text][et_pb_text _builder_version=&#8221;4.19.1&#8243; _module_preset=&#8221;default&#8221; text_text_color=&#8221;#000000&#8243; link_text_color=&#8221;#0C71C3&#8243; header_3_font=&#8221;|700|||||||&#8221; header_3_text_color=&#8221;#7CDA24&#8243; header_4_text_color=&#8221;#E02B20&#8243; header_4_font_size=&#8221;22px&#8221; global_colors_info=&#8221;{}&#8221; text_text_color__hover_enabled=&#8221;on|desktop&#8221; text_text_color__hover=&#8221;#000000&#8243; link_text_color__hover_enabled=&#8221;on|hover&#8221; link_text_color__hover=&#8221;#8300E9&#8243; theme_builder_area=&#8221;post_content&#8221;]<\/p>\n<p style=\"text-align: center;\">___________________________________________<\/p>\n<p style=\"text-align: center;\">\n<p><strong>BERLIN<\/strong><\/p>\n<p>Saturday 1rst of March 2025 from 12 &#8211; 2 p.m.<br \/>Studio f\u00fcr K\u00f6rperAufmerksamkeit &amp; Transformation (Kinkel &amp; Block)<br \/>K\u00f6rte Stra\u00dfe 8, 10967 Berlin Kreuzberg<br \/>Sliding Scale 15-55 \u20ac<\/p>\n<p>Sunday16th of February 2025 from 12 -2 p.m<br \/>Heile- Haus Waldemar Stra\u00dfe 36 10999 Berlin Kreuzberg<br \/>This meeting is by donation<\/p>\n<p><strong>HYDRA<\/strong><br \/>Workshop from 24th March to 30th of March 2025<br \/>Also one to one workshops bookable from 31st March till 13th of April 2025<\/p>\n<p><strong>KRETA<\/strong><br \/>One-to-one workshops bookable lasting each for a week or more<br \/>between 15th April and 21st of May 2025<\/p>\n<p>&nbsp;<\/p>\n<h3>ONLINE<\/h3>\n<h4>Griechisches Archaisches Herzritual<\/h4>\n<p>Zoom-Gathering once a month<br \/>Sunday 9 of February 2025 from 12 o&#8217;clock till 1:30 pm<br \/>This meeting is by Donation<br \/>Wenn Du teilnehmen m\u00f6chtest, informiere mich bitte <a href=\"https:\/\/soundhealer.evangeliapitsou.com\/de\/contact\/\" class=\"\">HIER<\/a><\/p>\n<p><b class=\"\">For any questions regarding all the meetings please press<\/b>\u00a0<a href=\"https:\/\/soundhealer.evangeliapitsou.com\/de\/contact\/\">HIER<\/a><\/p>\n<p><strong><\/strong><\/p>\n<p>[\/et_pb_text][\/et_pb_column][\/et_pb_row][\/et_pb_section]<\/p>","protected":false},"excerpt":{"rendered":"<p>BERLINGreek Archaic Opening of the Heart HEILE-HAUSAugust 10th 2025 from 12 -2 p.m.https:\/\/soundhealer.evangeliapitsou.com\/sessions\/#greek-archaic-heartopeningIt is also a very good opportunity to get a taste and perhaps get inspired to go into more depth and attend the new project in CRETE \u2026\u2026\u2026..Heile-Haus Waldemarstra\u00dfe 36, 10999 Berlin-KreuzbergThis meeting is by donation sliding scale \u20ac15 &#8211; \u20ac55If you would [&hellip;]<\/p>","protected":false},"author":1,"featured_media":0,"parent":0,"menu_order":0,"comment_status":"closed","ping_status":"closed","template":"","meta":{"_et_pb_use_builder":"on","_et_pb_old_content":"","_et_gb_content_width":"","_joinchat":[],"footnotes":""},"class_list":["post-1503","page","type-page","status-publish","hentry"],"_links":{"self":[{"href":"https:\/\/soundhealer.evangeliapitsou.com\/de\/wp-json\/wp\/v2\/pages\/1503","targetHints":{"allow":["GET"]}}],"collection":[{"href":"https:\/\/soundhealer.evangeliapitsou.com\/de\/wp-json\/wp\/v2\/pages"}],"about":[{"href":"https:\/\/soundhealer.evangeliapitsou.com\/de\/wp-json\/wp\/v2\/types\/page"}],"author":[{"embeddable":true,"href":"https:\/\/soundhealer.evangeliapitsou.com\/de\/wp-json\/wp\/v2\/users\/1"}],"replies":[{"embeddable":true,"href":"https:\/\/soundhealer.evangeliapitsou.com\/de\/wp-json\/wp\/v2\/comments?post=1503"}],"version-history":[{"count":9,"href":"https:\/\/soundhealer.evangeliapitsou.com\/de\/wp-json\/wp\/v2\/pages\/1503\/revisions"}],"predecessor-version":[{"id":2427,"href":"https:\/\/soundhealer.evangeliapitsou.com\/de\/wp-json\/wp\/v2\/pages\/1503\/revisions\/2427"}],"wp:attachment":[{"href":"https:\/\/soundhealer.evangeliapitsou.com\/de\/wp-json\/wp\/v2\/media?parent=1503"}],"curies":[{"name":"wp","href":"https:\/\/api.w.org\/{rel}","templated":true}]}}